{"id":8568,"date":"2020-01-03T11:27:53","date_gmt":"2020-01-03T11:27:53","guid":{"rendered":"https:\/\/mobelland.md\/?post_type=product&#038;p=8568"},"modified":"2025-12-17T12:09:29","modified_gmt":"2025-12-17T12:09:29","slug":"suport-pentru-lumanare-heart-limito-l026003","status":"publish","type":"product","link":"https:\/\/mobelland.md\/ru\/product\/suport-pentru-lumanare-heart-limito-l026003\/","title":{"rendered":"Set din 2 suporturi pentru lum\u00e2nari heart Limito (L026003)"},"content":{"rendered":"<p>\u00cen\u0103l\u021bime: 3,3 cm<\/p>\n<p>L\u0103\u021bime: 8,5 cm<\/p>\n<pre id=\"tw-target-text\" class=\"tw-data-text tw-text-large tw-ta\" dir=\"ltr\" data-placeholder=\"\u041f\u0435\u0440\u0435\u0432\u043e\u0434\"><\/pre>","protected":false},"excerpt":{"rendered":"<p>\u00cen\u0103l\u021bime: 3,3 cm L\u0103\u021bime: 8,5 cm<\/p>","protected":false},"featured_media":8572,"template":"","meta":[],"product_cat":[240,54,333,220],"product_tag":[],"_links":{"self":[{"href":"https:\/\/mobelland.md\/ru\/wp-json\/wp\/v2\/product\/8568"}],"collection":[{"href":"https:\/\/mobelland.md\/ru\/wp-json\/wp\/v2\/product"}],"about":[{"href":"https:\/\/mobelland.md\/ru\/wp-json\/wp\/v2\/types\/product"}],"wp:featuredmedia":[{"embeddable":true,"href":"https:\/\/mobelland.md\/ru\/wp-json\/wp\/v2\/media\/8572"}],"wp:attachment":[{"href":"https:\/\/mobelland.md\/ru\/wp-json\/wp\/v2\/media?parent=8568"}],"wp:term":[{"taxonomy":"product_cat","embeddable":true,"href":"https:\/\/mobelland.md\/ru\/wp-json\/wp\/v2\/product_cat?post=8568"},{"taxonomy":"product_tag","embeddable":true,"href":"https:\/\/mobelland.md\/ru\/wp-json\/wp\/v2\/product_tag?post=8568"}],"curies":[{"name":"wp","href":"https:\/\/api.w.org\/{rel}","templated":true}]}}