{"id":8511,"date":"2020-01-02T15:30:28","date_gmt":"2020-01-02T15:30:28","guid":{"rendered":"https:\/\/mobelland.md\/?post_type=product&#038;p=8511"},"modified":"2025-12-11T21:16:15","modified_gmt":"2025-12-11T21:16:15","slug":"suport-pentru-lumanare-stellato-white-6-cm-l023698","status":"publish","type":"product","link":"https:\/\/mobelland.md\/ru\/product\/suport-pentru-lumanare-stellato-white-6-cm-l023698\/","title":{"rendered":"Suport pentru lum\u00e2nare Stellato white 6 cm (L023698)"},"content":{"rendered":"<p>\u00cen\u0103l\u021bime: 5.5 cm<\/p>\n<p>\u0414\u0438\u0430\u043c\u0435\u0442\u0440: 6 \u0441\u043c<\/p>","protected":false},"excerpt":{"rendered":"<p>\u00cen\u0103l\u021bime: 5.5 cm Diametru: 6 cm<\/p>","protected":false},"featured_media":8508,"template":"","meta":[],"product_cat":[240,54,333,220],"product_tag":[],"_links":{"self":[{"href":"https:\/\/mobelland.md\/ru\/wp-json\/wp\/v2\/product\/8511"}],"collection":[{"href":"https:\/\/mobelland.md\/ru\/wp-json\/wp\/v2\/product"}],"about":[{"href":"https:\/\/mobelland.md\/ru\/wp-json\/wp\/v2\/types\/product"}],"wp:featuredmedia":[{"embeddable":true,"href":"https:\/\/mobelland.md\/ru\/wp-json\/wp\/v2\/media\/8508"}],"wp:attachment":[{"href":"https:\/\/mobelland.md\/ru\/wp-json\/wp\/v2\/media?parent=8511"}],"wp:term":[{"taxonomy":"product_cat","embeddable":true,"href":"https:\/\/mobelland.md\/ru\/wp-json\/wp\/v2\/product_cat?post=8511"},{"taxonomy":"product_tag","embeddable":true,"href":"https:\/\/mobelland.md\/ru\/wp-json\/wp\/v2\/product_tag?post=8511"}],"curies":[{"name":"wp","href":"https:\/\/api.w.org\/{rel}","templated":true}]}}