{"id":7531,"date":"2019-12-18T13:46:22","date_gmt":"2019-12-18T13:46:22","guid":{"rendered":"https:\/\/mobelland.md\/?post_type=product&#038;p=7531"},"modified":"2026-04-16T20:02:24","modified_gmt":"2026-04-16T20:02:24","slug":"suport-pentru-lumanari-mando-blackberry-1016965","status":"publish","type":"product","link":"https:\/\/mobelland.md\/ru\/product\/suport-pentru-lumanari-mando-blackberry-1016965\/","title":{"rendered":"Suport pentru lum\u00e2n\u0103ri Mando blackberry (1016965)"},"content":{"rendered":"<p>\u00cen\u0103l\u021bime: 11 cm<\/p>\n<p>\u0414\u0438\u0430\u043c\u0435\u0442\u0440: 13 \u0441\u043c<\/p>","protected":false},"excerpt":{"rendered":"<p>Vaze decorative cu diferite forme<\/p>","protected":false},"featured_media":7535,"template":"","meta":[],"product_cat":[240,54,333,220],"product_tag":[],"_links":{"self":[{"href":"https:\/\/mobelland.md\/ru\/wp-json\/wp\/v2\/product\/7531"}],"collection":[{"href":"https:\/\/mobelland.md\/ru\/wp-json\/wp\/v2\/product"}],"about":[{"href":"https:\/\/mobelland.md\/ru\/wp-json\/wp\/v2\/types\/product"}],"wp:featuredmedia":[{"embeddable":true,"href":"https:\/\/mobelland.md\/ru\/wp-json\/wp\/v2\/media\/7535"}],"wp:attachment":[{"href":"https:\/\/mobelland.md\/ru\/wp-json\/wp\/v2\/media?parent=7531"}],"wp:term":[{"taxonomy":"product_cat","embeddable":true,"href":"https:\/\/mobelland.md\/ru\/wp-json\/wp\/v2\/product_cat?post=7531"},{"taxonomy":"product_tag","embeddable":true,"href":"https:\/\/mobelland.md\/ru\/wp-json\/wp\/v2\/product_tag?post=7531"}],"curies":[{"name":"wp","href":"https:\/\/api.w.org\/{rel}","templated":true}]}}