{"id":7057,"date":"2019-12-13T15:24:13","date_gmt":"2019-12-13T15:24:13","guid":{"rendered":"https:\/\/mobelland.md\/?post_type=product&#038;p=7057"},"modified":"2025-12-24T08:40:50","modified_gmt":"2025-12-24T08:40:50","slug":"lumanare-10-cm-blatt-1012893","status":"publish","type":"product","link":"https:\/\/mobelland.md\/ru\/product\/lumanare-10-cm-blatt-1012893\/","title":{"rendered":"Lum\u00e2n\u0103re Motif Blatt (1012893)"},"content":{"rendered":"<p>In\u0103l\u021bime: 10 cm<\/p>","protected":false},"excerpt":{"rendered":"<p>In\u0103l\u021bime: 10 cm<\/p>","protected":false},"featured_media":7239,"template":"","meta":[],"product_cat":[240,54,333,220],"product_tag":[],"_links":{"self":[{"href":"https:\/\/mobelland.md\/ru\/wp-json\/wp\/v2\/product\/7057"}],"collection":[{"href":"https:\/\/mobelland.md\/ru\/wp-json\/wp\/v2\/product"}],"about":[{"href":"https:\/\/mobelland.md\/ru\/wp-json\/wp\/v2\/types\/product"}],"wp:featuredmedia":[{"embeddable":true,"href":"https:\/\/mobelland.md\/ru\/wp-json\/wp\/v2\/media\/7239"}],"wp:attachment":[{"href":"https:\/\/mobelland.md\/ru\/wp-json\/wp\/v2\/media?parent=7057"}],"wp:term":[{"taxonomy":"product_cat","embeddable":true,"href":"https:\/\/mobelland.md\/ru\/wp-json\/wp\/v2\/product_cat?post=7057"},{"taxonomy":"product_tag","embeddable":true,"href":"https:\/\/mobelland.md\/ru\/wp-json\/wp\/v2\/product_tag?post=7057"}],"curies":[{"name":"wp","href":"https:\/\/api.w.org\/{rel}","templated":true}]}}