{"id":6809,"date":"2019-12-13T11:11:43","date_gmt":"2019-12-13T11:11:43","guid":{"rendered":"https:\/\/mobelland.md\/?post_type=product&#038;p=6809"},"modified":"2025-12-17T10:13:05","modified_gmt":"2025-12-17T10:13:05","slug":"lumanare-14-cm-wax-1015398","status":"publish","type":"product","link":"https:\/\/mobelland.md\/ru\/product\/lumanare-14-cm-wax-1015398\/","title":{"rendered":"Lum\u00e2nare Boltze Miesha, 14 cm (1015398)"},"content":{"rendered":"<p>\u0414\u0438\u0430\u043c\u0435\u0442\u0440: 7 \u0441\u043c<\/p>\n<p>\u0412\u044b\u0441\u043e\u0442\u0430: 14 \u0441\u043c<\/p>","protected":false},"excerpt":{"rendered":"<p>Frumoasa lum\u00e2nare este disponibil\u0103 \u00een dou\u0103 nuan\u021be atractive, cu o band\u0103 str\u0103lucitoare \u00een jurul v\u00e2rfului. Nu picur\u0103 \u0219i arde mult timp.<\/p>","protected":false},"featured_media":7313,"template":"","meta":[],"product_cat":[240,54,333,220],"product_tag":[],"_links":{"self":[{"href":"https:\/\/mobelland.md\/ru\/wp-json\/wp\/v2\/product\/6809"}],"collection":[{"href":"https:\/\/mobelland.md\/ru\/wp-json\/wp\/v2\/product"}],"about":[{"href":"https:\/\/mobelland.md\/ru\/wp-json\/wp\/v2\/types\/product"}],"wp:featuredmedia":[{"embeddable":true,"href":"https:\/\/mobelland.md\/ru\/wp-json\/wp\/v2\/media\/7313"}],"wp:attachment":[{"href":"https:\/\/mobelland.md\/ru\/wp-json\/wp\/v2\/media?parent=6809"}],"wp:term":[{"taxonomy":"product_cat","embeddable":true,"href":"https:\/\/mobelland.md\/ru\/wp-json\/wp\/v2\/product_cat?post=6809"},{"taxonomy":"product_tag","embeddable":true,"href":"https:\/\/mobelland.md\/ru\/wp-json\/wp\/v2\/product_tag?post=6809"}],"curies":[{"name":"wp","href":"https:\/\/api.w.org\/{rel}","templated":true}]}}