{"id":6806,"date":"2019-12-13T11:06:28","date_gmt":"2019-12-13T11:06:28","guid":{"rendered":"https:\/\/mobelland.md\/?post_type=product&#038;p=6806"},"modified":"2025-12-17T10:12:42","modified_gmt":"2025-12-17T10:12:42","slug":"lumanare-10-cm-wax-1015397","status":"publish","type":"product","link":"https:\/\/mobelland.md\/ru\/product\/lumanare-10-cm-wax-1015397\/","title":{"rendered":"Lum\u00e2nare Boltze Miesha, 10 cm (1015397)"},"content":{"rendered":"<p>\u0414\u0438\u0430\u043c\u0435\u0442\u0440: 7 \u0441\u043c<\/p>\n<p>\u0412\u044b\u0441\u043e\u0442\u0430: 10 \u0441\u043c<\/p>","protected":false},"excerpt":{"rendered":"<p>O lum\u00e2nare care nu scurge \u00een dou\u0103 nuan\u021be atractive \u0219i o dung\u0103 festiv\u0103 str\u0103lucitoare \u00een jurul v\u00e2rfului.<\/p>","protected":false},"featured_media":7312,"template":"","meta":[],"product_cat":[240,54,333,220],"product_tag":[],"_links":{"self":[{"href":"https:\/\/mobelland.md\/ru\/wp-json\/wp\/v2\/product\/6806"}],"collection":[{"href":"https:\/\/mobelland.md\/ru\/wp-json\/wp\/v2\/product"}],"about":[{"href":"https:\/\/mobelland.md\/ru\/wp-json\/wp\/v2\/types\/product"}],"wp:featuredmedia":[{"embeddable":true,"href":"https:\/\/mobelland.md\/ru\/wp-json\/wp\/v2\/media\/7312"}],"wp:attachment":[{"href":"https:\/\/mobelland.md\/ru\/wp-json\/wp\/v2\/media?parent=6806"}],"wp:term":[{"taxonomy":"product_cat","embeddable":true,"href":"https:\/\/mobelland.md\/ru\/wp-json\/wp\/v2\/product_cat?post=6806"},{"taxonomy":"product_tag","embeddable":true,"href":"https:\/\/mobelland.md\/ru\/wp-json\/wp\/v2\/product_tag?post=6806"}],"curies":[{"name":"wp","href":"https:\/\/api.w.org\/{rel}","templated":true}]}}