{"id":5840,"date":"2019-12-05T10:38:30","date_gmt":"2019-12-05T10:38:30","guid":{"rendered":"https:\/\/mobelland.md\/?post_type=product&#038;p=5840"},"modified":"2025-12-11T21:05:38","modified_gmt":"2025-12-11T21:05:38","slug":"set-otet-ulei-de-sticla-cucina-l037716","status":"publish","type":"product","link":"https:\/\/mobelland.md\/ru\/product\/set-otet-ulei-de-sticla-cucina-l037716\/","title":{"rendered":"LEONARDO set de recipiente pentru O\u021bet\/Ulei Cucina (L037716)"},"content":{"rendered":"<p>Aceast\u0103 sticl\u0103 frumoas\u0103 cu o\u021bet\/ulei din seria CUCINA este o mas\u0103 grozav\u0103 cu farmec individual.\u00a0Las\u0103 aceast\u0103 sticl\u0103 cilindric\u0103 de o\u021bet\/ulei s\u0103 te transporte \u00eentr-o lume modern\u0103!\u00a0Cu un sentiment bun pentru lucrurile frumoase, LEONARDO aduce \u0219i mai mult\u0103 varietate \u00een via\u021ba ta de zi cu zi.\u00a0Setul este format din 2 sticle identice cu otet\/ulei.\u00a0Aceste dou\u0103 sticle vin cu dou\u0103 duze \u0219i dou\u0103 capace.\u00a0Pentru to\u021bi cei care apreciaz\u0103 calitatea &#8211; cel mai bine este s\u0103 comanda\u021bi acum \u0219i s\u0103 v\u0103 \u00eenfrumuse\u021ba\u021bi cei patru pere\u021bi cu aceast\u0103 sticl\u0103 atractiv\u0103 cu o\u021bet\/ulei.<\/p>\n<div class=\"ProductDetails__Cell ProductDetails__Cell--heavy\"><em><strong>Instruc\u021biuni de \u00eengrijire<\/strong><\/em>:se poate sp\u0103la vase<\/div>\n<div class=\"ProductDetails__Cell ProductDetails__Cell--heavy\"><em><strong>\u0426\u0432\u0435\u0442:<\/strong><\/em>clar<\/div>\n<div class=\"ProductDetails__Cell ProductDetails__Cell--heavy\"><em><strong>Sigur\u0103 pentru alimente:<\/strong><\/em>da<\/div>\n<div class=\"ProductDetails__Cell ProductDetails__Cell--heavy\"><em><strong>Form\u0103:<\/strong><\/em>cilindric<\/div>\n<div class=\"ProductDetails__Cell ProductDetails__Cell--heavy\"><em><strong>Serie:<\/strong><\/em>BUC\u0102T\u0102RIE<\/div>\n<div class=\"ProductDetails__Cell ProductDetails__Cell--heavy\"><em><strong>\u0421\u0442\u0438\u043b\u044c:<\/strong><\/em>modern<\/div>\n<div class=\"ProductDetails__Cell ProductDetails__Cell--heavy\"><em><strong>Ad\u00e2ncime:<\/strong><\/em>6,1 cm<\/div>\n<div class=\"ProductDetails__Cell ProductDetails__Cell--heavy\"><em><strong>Diametru:<\/strong><\/em>5,5 \u0441\u043c<\/div>\n<div class=\"ProductDetails__Cell ProductDetails__Cell--heavy\"><em><strong>Diametru (marginea superioar\u0103):<\/strong><\/em>0,0 cm<\/div>\n<div class=\"ProductDetails__Cell ProductDetails__Cell--heavy\"><em><strong>\u00cen\u0103l\u0163ime:<\/strong><\/em>14,8 cm<\/div>\n<div class=\"ProductDetails__Cell ProductDetails__Cell--heavy\"><strong><em>Lung:<\/em><\/strong>5.5<\/div>\n<div class=\"ProductDetails__Cell ProductDetails__Cell--heavy\"><em><strong>Greutate:<\/strong><\/em>0,48 kg<\/div>\n<div class=\"ProductDetails__Cell ProductDetails__Cell--heavy\"><strong><em>Volum p\u00e2n\u0103 la refuz:<\/em><\/strong>170,0 ml<\/div>\n<div class=\"ProductDetails__Cell ProductDetails__Cell--heavy\"><em><strong>Volum util:<\/strong><\/em>150,0 ml<\/div>\n<div class=\"ProductDetails__Cell ProductDetails__Cell--heavy\"><em><strong>Larg:<\/strong><\/em>11,9 cm<\/div>\n<div class=\"ProductDetails__Cell ProductDetails__Cell--heavy\"><strong><em>Num\u0103rul de articol:<\/em><\/strong>037716<\/div>","protected":false},"excerpt":{"rendered":"<ul>\n<li class=\"SellingPoints__SellingPoint\">Sticla cu o\u021bet\/ulei, set de 2<\/li>\n<li class=\"SellingPoints__SellingPoint\">Componente: dou\u0103 sticle, dou\u0103 duze, dou\u0103 capace<\/li>\n<li class=\"SellingPoints__SellingPoint\">sigur\u0103 pentru alimente<\/li>\n<\/ul>","protected":false},"featured_media":5850,"template":"","meta":[],"product_cat":[342,220,239,53],"product_tag":[],"_links":{"self":[{"href":"https:\/\/mobelland.md\/ru\/wp-json\/wp\/v2\/product\/5840"}],"collection":[{"href":"https:\/\/mobelland.md\/ru\/wp-json\/wp\/v2\/product"}],"about":[{"href":"https:\/\/mobelland.md\/ru\/wp-json\/wp\/v2\/types\/product"}],"wp:featuredmedia":[{"embeddable":true,"href":"https:\/\/mobelland.md\/ru\/wp-json\/wp\/v2\/media\/5850"}],"wp:attachment":[{"href":"https:\/\/mobelland.md\/ru\/wp-json\/wp\/v2\/media?parent=5840"}],"wp:term":[{"taxonomy":"product_cat","embeddable":true,"href":"https:\/\/mobelland.md\/ru\/wp-json\/wp\/v2\/product_cat?post=5840"},{"taxonomy":"product_tag","embeddable":true,"href":"https:\/\/mobelland.md\/ru\/wp-json\/wp\/v2\/product_tag?post=5840"}],"curies":[{"name":"wp","href":"https:\/\/api.w.org\/{rel}","templated":true}]}}