{"id":5719,"date":"2019-12-04T09:51:55","date_gmt":"2019-12-04T09:51:55","guid":{"rendered":"https:\/\/mobelland.md\/?post_type=product&#038;p=5719"},"modified":"2025-12-08T13:45:53","modified_gmt":"2025-12-08T13:45:53","slug":"suport-incalzitor-scaldino-l025521","status":"publish","type":"product","link":"https:\/\/mobelland.md\/ru\/product\/suport-incalzitor-scaldino-l025521\/","title":{"rendered":"Leonardo Suport care p\u0103streaz\u0103 caldur\u0103 Scaldino (L025521)"},"content":{"rendered":"<p>Practic \u0219i suveran: Seteaz\u0103 accente frumoase cu \u00eenc\u0103lzitorul realizat manual din seria SCALDINO.\u00a0Acest \u00eenc\u0103lzitor rotund este absolut obligatoriu.\u00a0Acest \u00eenc\u0103lzitor frumos a fost realizat manual.\u00a0Acest lucru \u00eel diferen\u021biaz\u0103 de alte produse \u0219i asigur\u0103 individualitatea.\u00a0Lasa-te inspirat de calitatea nobila pentru care LEONARDO este cunoscut.\u00a0Nimic nu d\u0103 at\u00e2ta bucurie ca un design frumos cu care \u00ee\u021bi po\u021bi tr\u0103i propriul stil &#8211; cu LEONARDO.\u00a0Lasa-te inspirat de minunatul decor!\u00a0Nu mai a\u0219tepta\u021bi &#8211; cel mai bine este s\u0103 comanda\u021bi direct.\u00a0Asigura\u021bi-v\u0103 un aspect deosebit pentru cei patru pere\u021bi cu \u00eenc\u0103lzitorul frumos de la LEONARDO!<\/p>\n<div class=\"ProductDetails__Cell ProductDetails__Cell--heavy\"><em><strong>Instruc\u021biuni de \u00eengrijire:<\/strong><\/em>spalat pe maini<\/div>\n<div class=\"ProductDetails__Cell ProductDetails__Cell--heavy\"><em><strong>\u0426\u0432\u0435\u0442:<\/strong><\/em>clar<\/div>\n<div class=\"ProductDetails__Cell ProductDetails__Cell--heavy\"><em><strong>Form\u0103:<\/strong><\/em>\u00een jurul<\/div>\n<div class=\"ProductDetails__Cell ProductDetails__Cell--heavy\"><em><strong>Lucrate manual:\u00a0<\/strong><\/em>DA<\/div>\n<div class=\"ProductDetails__Cell ProductDetails__Cell--heavy\"><em><strong>Serie:<\/strong><\/em>SCALDINO<\/div>\n<div class=\"ProductDetails__Cell ProductDetails__Cell--heavy\"><em><strong>\u0421\u0442\u0438\u043b\u044c:<\/strong><\/em>modern<\/div>\n<div class=\"ProductDetails__Cell ProductDetails__Cell--heavy\"><em><strong>Ad\u00e2ncime:<\/strong><\/em>15,6 cm<\/div>\n<div class=\"ProductDetails__Cell ProductDetails__Cell--heavy\"><strong><em>Diametru:<\/em><\/strong>15,0 cm<\/div>\n<div class=\"ProductDetails__Cell ProductDetails__Cell--heavy\"><em><strong>Diametru (marginea superioar\u0103):<\/strong><\/em>15,0 cm<\/div>\n<div class=\"ProductDetails__Cell ProductDetails__Cell--heavy\"><em><strong>\u00cen\u0103l\u0163ime:<\/strong><\/em>5,5 \u0441\u043c<\/div>\n<div class=\"ProductDetails__Cell ProductDetails__Cell--heavy\"><em><strong>Lung:<\/strong><\/em>cincisprezece<\/div>\n<div class=\"ProductDetails__Cell ProductDetails__Cell--heavy\"><em><strong>Greutate:<\/strong><\/em>0,37 kg<\/div>\n<div class=\"ProductDetails__Cell ProductDetails__Cell--heavy\"><strong><em>Larg:<\/em><\/strong>15,6 cm<\/div>\n<div class=\"ProductDetails__Cell ProductDetails__Cell--heavy\"><em><strong>Num\u0103rul de articol:<\/strong><\/em>025521<\/div>","protected":false},"excerpt":{"rendered":"<ul>\n<li class=\"SellingPoints__SellingPoint\">mai cald<\/li>\n<li class=\"SellingPoints__SellingPoint\">lucrat manual unic<\/li>\n<li class=\"SellingPoints__SellingPoint\">din seria SCALDINO<\/li>\n<\/ul>","protected":false},"featured_media":8563,"template":"","meta":[],"product_cat":[240,342,220,239,53],"product_tag":[],"_links":{"self":[{"href":"https:\/\/mobelland.md\/ru\/wp-json\/wp\/v2\/product\/5719"}],"collection":[{"href":"https:\/\/mobelland.md\/ru\/wp-json\/wp\/v2\/product"}],"about":[{"href":"https:\/\/mobelland.md\/ru\/wp-json\/wp\/v2\/types\/product"}],"wp:featuredmedia":[{"embeddable":true,"href":"https:\/\/mobelland.md\/ru\/wp-json\/wp\/v2\/media\/8563"}],"wp:attachment":[{"href":"https:\/\/mobelland.md\/ru\/wp-json\/wp\/v2\/media?parent=5719"}],"wp:term":[{"taxonomy":"product_cat","embeddable":true,"href":"https:\/\/mobelland.md\/ru\/wp-json\/wp\/v2\/product_cat?post=5719"},{"taxonomy":"product_tag","embeddable":true,"href":"https:\/\/mobelland.md\/ru\/wp-json\/wp\/v2\/product_tag?post=5719"}],"curies":[{"name":"wp","href":"https:\/\/api.w.org\/{rel}","templated":true}]}}