{"id":4784,"date":"2019-11-19T22:30:28","date_gmt":"2019-11-19T22:30:28","guid":{"rendered":"https:\/\/mobelland.md\/?post_type=product&#038;p=4784"},"modified":"2026-01-19T14:40:00","modified_gmt":"2026-01-19T14:40:00","slug":"vase-hula-white-matt-1069091","status":"publish","type":"product","link":"https:\/\/mobelland.md\/ru\/product\/vase-hula-white-matt-1069091\/","title":{"rendered":"Vaz\u0103 HULA (1069091)"},"content":{"rendered":"<p>\u00cen\u0103l\u021bime 45 cm<\/p>","protected":false},"excerpt":{"rendered":"<p>\u00cen\u0103l\u021bime 45 cm<\/p>","protected":false},"featured_media":4783,"template":"","meta":[],"product_cat":[240,54,220,98],"product_tag":[],"_links":{"self":[{"href":"https:\/\/mobelland.md\/ru\/wp-json\/wp\/v2\/product\/4784"}],"collection":[{"href":"https:\/\/mobelland.md\/ru\/wp-json\/wp\/v2\/product"}],"about":[{"href":"https:\/\/mobelland.md\/ru\/wp-json\/wp\/v2\/types\/product"}],"wp:featuredmedia":[{"embeddable":true,"href":"https:\/\/mobelland.md\/ru\/wp-json\/wp\/v2\/media\/4783"}],"wp:attachment":[{"href":"https:\/\/mobelland.md\/ru\/wp-json\/wp\/v2\/media?parent=4784"}],"wp:term":[{"taxonomy":"product_cat","embeddable":true,"href":"https:\/\/mobelland.md\/ru\/wp-json\/wp\/v2\/product_cat?post=4784"},{"taxonomy":"product_tag","embeddable":true,"href":"https:\/\/mobelland.md\/ru\/wp-json\/wp\/v2\/product_tag?post=4784"}],"curies":[{"name":"wp","href":"https:\/\/api.w.org\/{rel}","templated":true}]}}