{"id":25516,"date":"2023-01-28T09:26:32","date_gmt":"2023-01-28T09:26:32","guid":{"rendered":"https:\/\/mobelland.md\/?post_type=product&#038;p=25516"},"modified":"2026-02-22T18:51:33","modified_gmt":"2026-02-22T18:51:33","slug":"masa-de-cafea-magic-j-white-glass-cb-5041-g","status":"publish","type":"product","link":"https:\/\/mobelland.md\/ru\/product\/masa-de-cafea-magic-j-white-glass-cb-5041-g\/","title":{"rendered":"Mas\u0103 de cafea Magic-J white glass (CB\/5041-G)"},"content":{"rendered":"<p>Masuta de cafea din sticla MAGIC-J de la fabrica italiana Connubia este formata dintr-un cadru metalic, un blat din sticla. Masa este pliabil\u0103 \u0219i reglabil\u0103 \u00een \u00een\u0103l\u021bime. MAGIC-J este o mas\u0103 de cafea versatil\u0103 pentru camera de zi, care, dac\u0103 este necesar, \u0219i cu doar c\u00e2teva mi\u0219c\u0103ri se transform\u0103 \u00eentr-o mas\u0103 pentru 4-6 persoane: trebuie doar s\u0103 ap\u0103sa\u021bi butonul situat pe partea lung\u0103 a mesei pentru a regla \u00een\u0103l\u021bimea necesar\u0103. Blatul din sticl\u0103 temperat\u0103 este format din 2 p\u0103r\u021bi care defileaz\u0103 lateral \u0219i v\u0103 permit s\u0103 deschide\u021bi fila interioar\u0103 a mesei, care va ajuta la dublarea dimensiunii mesei. Baza de mas\u0103 din metal cromat.<br \/>\nCulori de mas\u0103 posibile: negru natural, alb.<\/p>","protected":false},"excerpt":{"rendered":"<p>Magic-J Glass<br \/>\nDimensiuni: 75*115 (150) cm<br \/>\n\u00cen\u0103l\u021bime: 34 \/ 42 \/ 64 \/ 72 cm<br \/>\n<img loading=\"lazy\" class=\"alignnone size-medium wp-image-11706\" src=\"https:\/\/mobelland.md\/wp-content\/uploads\/2020\/05\/Magic-glass-1-300x227.jpg\" alt=\"\" width=\"300\" height=\"227\" srcset=\"https:\/\/mobelland.md\/wp-content\/uploads\/2020\/05\/Magic-glass-1-300x227.jpg 300w, https:\/\/mobelland.md\/wp-content\/uploads\/2020\/05\/Magic-glass-1-1024x775.jpg 1024w, https:\/\/mobelland.md\/wp-content\/uploads\/2020\/05\/Magic-glass-1-768x581.jpg 768w, https:\/\/mobelland.md\/wp-content\/uploads\/2020\/05\/Magic-glass-1.jpg 1029w\" sizes=\"(max-width: 300px) 100vw, 300px\" \/><\/p>","protected":false},"featured_media":25517,"template":"","meta":[],"product_cat":[50,235,392,78,220],"product_tag":[],"_links":{"self":[{"href":"https:\/\/mobelland.md\/ru\/wp-json\/wp\/v2\/product\/25516"}],"collection":[{"href":"https:\/\/mobelland.md\/ru\/wp-json\/wp\/v2\/product"}],"about":[{"href":"https:\/\/mobelland.md\/ru\/wp-json\/wp\/v2\/types\/product"}],"wp:featuredmedia":[{"embeddable":true,"href":"https:\/\/mobelland.md\/ru\/wp-json\/wp\/v2\/media\/25517"}],"wp:attachment":[{"href":"https:\/\/mobelland.md\/ru\/wp-json\/wp\/v2\/media?parent=25516"}],"wp:term":[{"taxonomy":"product_cat","embeddable":true,"href":"https:\/\/mobelland.md\/ru\/wp-json\/wp\/v2\/product_cat?post=25516"},{"taxonomy":"product_tag","embeddable":true,"href":"https:\/\/mobelland.md\/ru\/wp-json\/wp\/v2\/product_tag?post=25516"}],"curies":[{"name":"wp","href":"https:\/\/api.w.org\/{rel}","templated":true}]}}