{"id":21279,"date":"2022-07-26T10:33:05","date_gmt":"2022-07-26T10:33:05","guid":{"rendered":"https:\/\/mobelland.md\/?post_type=product&#038;p=21279"},"modified":"2025-12-17T12:58:29","modified_gmt":"2025-12-17T12:58:29","slug":"leonardo-vaza-neve-silver-mat-d-2815-cm-l039142","status":"publish","type":"product","link":"https:\/\/mobelland.md\/ru\/product\/leonardo-vaza-neve-silver-mat-d-2815-cm-l039142\/","title":{"rendered":"LEONARDO Vaza Neve silver mat d. 28*15 cm (L039142)"},"content":{"rendered":"<p><span class=\"\">Vaza\u00a0<\/span><strong><span class=\"\">de sticl\u0103 Neve cu finisaj argintiu mat<\/span><\/strong><span class=\"\">\u00a0\u00ee\u021bi va umple casa cu design industrial.\u00a0<\/span>Cu toate acestea, nu v\u0103 face\u021bi griji pentru frig sau inospitalitate.\u00a0<strong>De\u0219i suprafa\u021ba metalic\u0103 argintie mat evoc\u0103 o\u021belul, vaza arat\u0103 proasp\u0103t\u0103 \u0219i original\u0103<\/strong>\u00a0atunci c\u00e2nd este combinat\u0103 cu flori sau ramuri decorative\u00a0.\u00a0Vaza este realizata din sticla solida, rezistenta, iar\u00a0<strong>constructia robusta<\/strong>\u00a0are un efect pozitiv asupra stabilitatii vazei.\u00a0Stabilitatea\u00a0<strong>foarte bun\u0103<\/strong>\u00a0predetermina vaza pentru o gam\u0103 larg\u0103 de utiliz\u0103ri.\u00a0<span class=\"goog-text-highlight\">Designul vazei vine\u00a0<\/span><strong><span class=\"goog-text-highlight\">de la atelierul brandului german Leonardo<\/span><\/strong><span class=\"goog-text-highlight\">\u00a0, care este lider \u00een domeniul sticlei utilitare de lux pentru interior \u0219i dining.\u00a0<\/span><\/p>\n<table class=\"detail-parameters\">\n<tbody>\n<tr>\n<th><span class=\"row-header-label\"><span class=\"goog-text-highlight\">Categorie\u00a0<\/span><span class=\"row-header-label-colon\"><span class=\"goog-text-highlight\">:<\/span><\/span><\/span><\/th>\n<td><a href=\"https:\/\/www.sklenenyshop.cz\/vazy\/\">vaze<\/a><\/td>\n<\/tr>\n<tr>\n<th><span class=\"row-header-label\">Greutate\u00a0<span class=\"row-header-label-colon\">:<\/span><\/span><\/th>\n<td>1,45 kg<\/td>\n<\/tr>\n<tr>\n<th><span class=\"row-header-label\">Tip de sticla\u00a0<span class=\"row-header-label-colon\">:<\/span><\/span><\/th>\n<td><a href=\"https:\/\/www.sklenenyshop.cz\/znacky\/?pv243=2385\">lucrat manual<\/a>\u00a0,\u00a0<a href=\"https:\/\/www.sklenenyshop.cz\/znacky\/?pv243=2913\">vitraliu<\/a><\/td>\n<\/tr>\n<tr>\n<th><span class=\"row-header-label\">\u041c\u0430\u0442\u0435\u0440\u0438\u0430\u043b\u00a0<span class=\"row-header-label-colon\">:<\/span><\/span><\/th>\n<td>sticla obisnuita<\/td>\n<\/tr>\n<tr>\n<th><span class=\"row-header-label\">Dimensiunea vazei\u00a0<span class=\"row-header-label-colon\">:<\/span><\/span><\/th>\n<td><a href=\"https:\/\/www.sklenenyshop.cz\/vazy\/?pv407=5411\">mediu 231 &#8211; 350 mm<\/a><\/td>\n<\/tr>\n<tr>\n<th><span class=\"row-header-label\">\u0412\u044b\u0441\u043e\u0442\u0430\u00a0<span class=\"row-header-label-colon\">:<\/span><\/span><\/th>\n<td>280 mm<\/td>\n<\/tr>\n<tr>\n<th><span class=\"row-header-label\">latime\u00a0<span class=\"row-header-label-colon\">:<\/span><\/span><\/th>\n<td>150 mm<\/td>\n<\/tr>\n<tr>\n<th><span class=\"row-header-label\">Ad\u00e2ncime\u00a0<span class=\"row-header-label-colon\">:<\/span><\/span><\/th>\n<td>150 mm<\/td>\n<\/tr>\n<\/tbody>\n<\/table>","protected":false},"excerpt":{"rendered":"<ul>\n<li><span class=\"goog-text-highlight\">vaza decorativa din sticla Neve 28 cm\u00a0<\/span><\/li>\n<li>finisaj argintiu mat<\/li>\n<li>realizat manual<\/li>\n<li>aspect industrial potrivit pentru interioare moderne<\/li>\n<li>design robust din sticl\u0103 solid\u0103<\/li>\n<li>Brandul german de lux Leonardo<\/li>\n<li>furnizat \u00eentr-o cutie standard de carton<\/li>\n<\/ul>","protected":false},"featured_media":21280,"template":"","meta":[],"product_cat":[240,54,220,98],"product_tag":[],"_links":{"self":[{"href":"https:\/\/mobelland.md\/ru\/wp-json\/wp\/v2\/product\/21279"}],"collection":[{"href":"https:\/\/mobelland.md\/ru\/wp-json\/wp\/v2\/product"}],"about":[{"href":"https:\/\/mobelland.md\/ru\/wp-json\/wp\/v2\/types\/product"}],"wp:featuredmedia":[{"embeddable":true,"href":"https:\/\/mobelland.md\/ru\/wp-json\/wp\/v2\/media\/21280"}],"wp:attachment":[{"href":"https:\/\/mobelland.md\/ru\/wp-json\/wp\/v2\/media?parent=21279"}],"wp:term":[{"taxonomy":"product_cat","embeddable":true,"href":"https:\/\/mobelland.md\/ru\/wp-json\/wp\/v2\/product_cat?post=21279"},{"taxonomy":"product_tag","embeddable":true,"href":"https:\/\/mobelland.md\/ru\/wp-json\/wp\/v2\/product_tag?post=21279"}],"curies":[{"name":"wp","href":"https:\/\/api.w.org\/{rel}","templated":true}]}}