{"id":21230,"date":"2022-07-26T07:46:28","date_gmt":"2022-07-26T07:46:28","guid":{"rendered":"https:\/\/mobelland.md\/?post_type=product&#038;p=21230"},"modified":"2025-12-12T10:21:48","modified_gmt":"2025-12-12T10:21:48","slug":"leonardo-bol-caldo-red-gold-d-40-cm-l038808","status":"publish","type":"product","link":"https:\/\/mobelland.md\/ru\/product\/leonardo-bol-caldo-red-gold-d-40-cm-l038808\/","title":{"rendered":"Leonardo Bol CALDO red\/gold d.40 cm (L038808)"},"content":{"rendered":"<p>Vasul original Caldo impresioneaz\u0103 prin\u00a0<strong>designul s\u0103u neobi\u0219nuit<\/strong>\u00a0.\u00a0Acesta const\u0103 \u00eentr-o combina\u021bie de culori ro\u0219u intens, portocaliu \u0219i argintiu care par aproape\u00a0<strong>str\u0103ine<\/strong>\u00a0.\u00a0Nu exist\u0103 limite \u00een ceea ce prive\u0219te utilizarea bolului, a\u0219a c\u0103 \u00eel po\u021bi folosi ca bol pentru fructe, gust\u0103ri sau ca bol decorativ pentru interior.\u00a0Acoperirea se aplic\u0103 din exterior, interiorul vasului este\u00a0<strong>perfect neted<\/strong>\u00a0.\u00a0Vasul este realizat manual, ceea ce \u00eei confer\u0103 semnul distinctiv al unui\u00a0<strong>pr<\/strong><\/p>\n<table class=\"detail-parameters\">\n<tbody>\n<tr>\n<th><span class=\"row-header-label\">Categorie\u00a0<span class=\"row-header-label-colon\">:<\/span><\/span><\/th>\n<td><a href=\"https:\/\/www.sklenenyshop.cz\/misy-na-ovoce\/\">Fructe<\/a><\/td>\n<\/tr>\n<tr>\n<th><span class=\"row-header-label\">Greutate\u00a0<span class=\"row-header-label-colon\">:<\/span><\/span><\/th>\n<td>1,73 kg<\/td>\n<\/tr>\n<tr>\n<th><span class=\"row-header-label\">Tip de sticla\u00a0<span class=\"row-header-label-colon\">:<\/span><\/span><\/th>\n<td><a href=\"https:\/\/www.sklenenyshop.cz\/vareni-a-servirovani\/?pv243=2385\">lucrat manual<\/a>\u00a0,\u00a0<a href=\"https:\/\/www.sklenenyshop.cz\/vareni-a-servirovani\/?pv243=2913\">vitraliu<\/a><\/td>\n<\/tr>\n<tr>\n<th><span class=\"row-header-label\">\u041c\u0430\u0442\u0435\u0440\u0438\u0430\u043b\u00a0<span class=\"row-header-label-colon\">:<\/span><\/span><\/th>\n<td>sticla obisnuita<\/td>\n<\/tr>\n<tr>\n<th><span class=\"row-header-label\">\u0412\u044b\u0441\u043e\u0442\u0430\u00a0<span class=\"row-header-label-colon\">:<\/span><\/span><\/th>\n<td>\u00a065 mm<\/td>\n<\/tr>\n<tr>\n<th><span class=\"row-header-label\">Diametru\u00a0<span class=\"row-header-label-colon\">:<\/span><\/span><\/th>\n<td>395 mm<\/td>\n<\/tr>\n<\/tbody>\n<\/table>\n<p><strong>odus unic din sticl\u0103<\/strong>\u00a0, care v\u0103 va cuceri \u0219i prin\u00a0\u00a0prelucrarea sa\u00a0<strong>robust\u0103 \u0219i precis\u0103<\/strong><\/p>","protected":false},"excerpt":{"rendered":"<ul>\n<li>Bol din sticla Caldo 40 cm<\/li>\n<li>sticla utilitara lucrata manual<\/li>\n<li>popularul brand german Leonardo<\/li>\n<li>potrivit pentru contactul cu alimentele<\/li>\n<li>email puternic si durabil<\/li>\n<li>Se recomand\u0103 doar sp\u0103larea manual\u0103<\/li>\n<li>se livreaza separat fara cutie<\/li>\n<\/ul>","protected":false},"featured_media":21231,"template":"","meta":[],"product_cat":[95,220,239,53],"product_tag":[],"_links":{"self":[{"href":"https:\/\/mobelland.md\/ru\/wp-json\/wp\/v2\/product\/21230"}],"collection":[{"href":"https:\/\/mobelland.md\/ru\/wp-json\/wp\/v2\/product"}],"about":[{"href":"https:\/\/mobelland.md\/ru\/wp-json\/wp\/v2\/types\/product"}],"wp:featuredmedia":[{"embeddable":true,"href":"https:\/\/mobelland.md\/ru\/wp-json\/wp\/v2\/media\/21231"}],"wp:attachment":[{"href":"https:\/\/mobelland.md\/ru\/wp-json\/wp\/v2\/media?parent=21230"}],"wp:term":[{"taxonomy":"product_cat","embeddable":true,"href":"https:\/\/mobelland.md\/ru\/wp-json\/wp\/v2\/product_cat?post=21230"},{"taxonomy":"product_tag","embeddable":true,"href":"https:\/\/mobelland.md\/ru\/wp-json\/wp\/v2\/product_tag?post=21230"}],"curies":[{"name":"wp","href":"https:\/\/api.w.org\/{rel}","templated":true}]}}