{"id":20863,"date":"2022-07-13T10:12:02","date_gmt":"2022-07-13T10:12:02","guid":{"rendered":"https:\/\/mobelland.md\/?post_type=product&#038;p=20863"},"modified":"2025-12-08T14:33:03","modified_gmt":"2025-12-08T14:33:03","slug":"leonardo-noli-set-de-6-boluri-d-1511-cm-l054630","status":"publish","type":"product","link":"https:\/\/mobelland.md\/ru\/product\/leonardo-noli-set-de-6-boluri-d-1511-cm-l054630\/","title":{"rendered":"Leonardo Noli bol D.15*11 cm (L054630)"},"content":{"rendered":"<ul class=\"a-unordered-list a-vertical a-spacing-mini\">\n<li><span class=\"a-list-item\">Functional: bolurile din gresie se curata usor in masina de spalat vase si cuptorul cu microunde.\u00a0Farfuriile stivuibile sunt ideale pentru uz casnic de zi cu zi \u0219i pentru catering<\/span><\/li>\n<li><span class=\"a-list-item\">ROBUSTE SI DE CALITATE PREMIUM: Aceste boluri de supa sunt absolut stabile si rezistente la caldura, realizate din gresie durabila.\u00a0Masa de set completeaz\u0103 farfuriile asortate din seria Leonardo Noli<\/span><\/li>\n<li><span class=\"a-list-item\">DESIGN F\u0102CUT M\u00c2N\u0102: bolurile de cereale cu textura aspr\u0103 \u0219i forma oval\u0103 special\u0103 adaug\u0103 un farmec rustic \u0219i unic gamei Noli.\u00a0Caracterul lucrat manual este completat de culoarea turcoaz \u0219i verde a vasului cu fructe<\/span><\/li>\n<li><span class=\"a-list-item\">Versatile: bolurile ceramice de designer pot fi folosite pentru multe feluri de m\u00e2ncare, cum ar fi salate, deserturi sau gust\u0103ri.\u00a0Totodata, vasul este perfect ca accesoriu decorativ stilat<\/span><\/li>\n<li><span class=\"a-list-item\"><span class=\"\">Con\u021binutul livr\u0103rii \u0219i dimensiuni: 6 boluri pentru desert, culoare turcoaz, dimensiuni bol: 54 x 150 x 113 mm (\u00een\u0103l\u021bime x l x l), 290 g, capacitate util\u0103: 250 ml, 400 ml p\u00e2n\u0103 la margine<\/span><\/span><\/li>\n<\/ul>","protected":false},"excerpt":{"rendered":"<table class=\"a-normal a-spacing-micro\">\n<tbody>\n<tr class=\"a-spacing-small po-number_of_pieces\">\n<td class=\"a-span3\"><span class=\"a-size-base a-text-bold\">Num\u0103r de buca\u021bi<\/span><\/td>\n<td class=\"a-span9\"><span class=\"a-size-base\">6<\/span><\/td>\n<\/tr>\n<tr class=\"a-spacing-small po-brand\">\n<td class=\"a-span3\"><span class=\"a-size-base a-text-bold\">marc\u0103<\/span><\/td>\n<td class=\"a-span9\"><span class=\"a-size-base\">LEONARDO ACAS\u0102<\/span><\/td>\n<\/tr>\n<tr class=\"a-spacing-small po-color\">\n<td class=\"a-span3\"><span class=\"a-size-base a-text-bold\">\u0426\u0432\u0435\u0442<\/span><\/td>\n<td class=\"a-span9\"><span class=\"a-size-base\">Turcoaz.<\/span><\/td>\n<\/tr>\n<tr class=\"a-spacing-small po-special_feature\">\n<td class=\"a-span3\"><span class=\"a-size-base a-text-bold\">Caracteristica speciala<\/span><\/td>\n<td class=\"a-span9\"><span class=\"a-size-base\">Se poate sp\u0103la \u00een ma\u0219in\u0103 de sp\u0103lat vase, la cuptor cu microunde<\/span><\/td>\n<\/tr>\n<tr class=\"a-spacing-small po-capacity\">\n<td class=\"a-span3\"><span class=\"a-size-base a-text-bold\">Abilitatea<\/span><\/td>\n<td class=\"a-span9\"><span class=\"a-size-base\">400 de mililitri<\/span><\/td>\n<\/tr>\n<tr class=\"a-spacing-small po-item_dimensions\">\n<td class=\"a-span3\"><span class=\"a-size-base a-text-bold\">Dimensiunile articolului L x l x H<\/span><\/td>\n<td class=\"a-span9\"><span class=\"a-size-base\">11,3 x 15 x 5,4 centimetri<\/span><\/td>\n<\/tr>\n<\/tbody>\n<\/table>","protected":false},"featured_media":20865,"template":"","meta":[],"product_cat":[95,220,239,53],"product_tag":[],"_links":{"self":[{"href":"https:\/\/mobelland.md\/ru\/wp-json\/wp\/v2\/product\/20863"}],"collection":[{"href":"https:\/\/mobelland.md\/ru\/wp-json\/wp\/v2\/product"}],"about":[{"href":"https:\/\/mobelland.md\/ru\/wp-json\/wp\/v2\/types\/product"}],"wp:featuredmedia":[{"embeddable":true,"href":"https:\/\/mobelland.md\/ru\/wp-json\/wp\/v2\/media\/20865"}],"wp:attachment":[{"href":"https:\/\/mobelland.md\/ru\/wp-json\/wp\/v2\/media?parent=20863"}],"wp:term":[{"taxonomy":"product_cat","embeddable":true,"href":"https:\/\/mobelland.md\/ru\/wp-json\/wp\/v2\/product_cat?post=20863"},{"taxonomy":"product_tag","embeddable":true,"href":"https:\/\/mobelland.md\/ru\/wp-json\/wp\/v2\/product_tag?post=20863"}],"curies":[{"name":"wp","href":"https:\/\/api.w.org\/{rel}","templated":true}]}}