{"id":20824,"date":"2022-07-08T13:25:00","date_gmt":"2022-07-08T13:25:00","guid":{"rendered":"https:\/\/mobelland.md\/?post_type=product&#038;p=20824"},"modified":"2025-12-17T13:22:33","modified_gmt":"2025-12-17T13:22:33","slug":"leonardo-vaza-casolare-cu-baza-din-lemn-alb-d-40-cm-l084399","status":"publish","type":"product","link":"https:\/\/mobelland.md\/ru\/product\/leonardo-vaza-casolare-cu-baza-din-lemn-alb-d-40-cm-l084399\/","title":{"rendered":"Leonardo Vaza CASOLARE cu baza din lemn alb, d.40 cm (L084399)"},"content":{"rendered":"<p>Vaza realizata manual din seria CASOLARE transmite o atmosfera exclusivista.\u00a0Fii creativ \u0219i decoreaz\u0103-\u021bi casa a\u0219a cum vrei!\u00a0Aceast\u0103 vaz\u0103 \u00een form\u0103 de sticl\u0103 este un must-have \u0219i impresioneaz\u0103 prin culoarea sa alb\u0103 str\u0103lucitoare.\u00a0\u00ce\u021bi po\u021bi demonstra aten\u021bia pentru lucruri frumoase cu aceast\u0103 vaz\u0103 LEONARDO realizat\u0103 manual.\u00a0Cu fiecare produs handmade prime\u0219ti \u0219i o pies\u0103 unic\u0103!\u00a0Inspira\u021bi-v\u0103 de un design modern \u0219i armonios &#8211; cu LEONARDO.\u00a0Decorarea poate fi at\u00e2t de u\u0219oar\u0103!\u00a0Cel mai bine este s\u0103 nu mai ezita\u021bi!\u00a0Cump\u0103r\u0103 ast\u0103zi \u0219i pune accente noi \u00een casa ta: cu vaza alb\u0103.\u00a0De asemenea, o alegere excelent\u0103 ca cadou!<\/p>\n<div class=\"ProductDetails__Cell ProductDetails__Cell--heavy\">Instruc\u021biuni de \u00eengrijire:spalat pe maini<\/div>\n<div class=\"ProductDetails__Cell ProductDetails__Cell--heavy\">Culoare:negru<\/div>\n<div class=\"ProductDetails__Cell ProductDetails__Cell--heavy\">Form\u0103:forma sticlei<\/div>\n<div class=\"ProductDetails__Cell ProductDetails__Cell--heavy\">Lucrate manual:DA<\/div>\n<div class=\"ProductDetails__Cell ProductDetails__Cell--heavy\">Serie:CASOLARE<\/div>\n<div class=\"ProductDetails__Cell ProductDetails__Cell--heavy\">Stil:casa la tara<\/div>\n<div class=\"ProductDetails__Cell ProductDetails__Cell--heavy\">Ad\u00e2ncime:29 cm<\/div>\n<div class=\"ProductDetails__Cell ProductDetails__Cell--heavy\">Diametru:29 cm<\/div>\n<div class=\"ProductDetails__Cell ProductDetails__Cell--heavy\">\u00cen\u0103l\u0163ime:43,0 cm<\/div>\n<div class=\"ProductDetails__Cell ProductDetails__Cell--heavy\">Greutate:3,35 kg<\/div>\n<div class=\"ProductDetails__Cell ProductDetails__Cell--heavy\">Larg:29 cm<\/div>\n<div class=\"ProductDetails__Cell ProductDetails__Cell--heavy\">Num\u0103rul de articol:084399<\/div>","protected":false},"excerpt":{"rendered":"<ul>\n<li class=\"SellingPoints__SellingPoint\">Vaza cu baza din lemn<\/li>\n<li class=\"SellingPoints__SellingPoint\">lucrat manual unic<\/li>\n<li class=\"SellingPoints__SellingPoint\">aus der CASOLARE Series<\/li>\n<\/ul>","protected":false},"featured_media":20825,"template":"","meta":[],"product_cat":[240,54,220,98],"product_tag":[],"_links":{"self":[{"href":"https:\/\/mobelland.md\/ru\/wp-json\/wp\/v2\/product\/20824"}],"collection":[{"href":"https:\/\/mobelland.md\/ru\/wp-json\/wp\/v2\/product"}],"about":[{"href":"https:\/\/mobelland.md\/ru\/wp-json\/wp\/v2\/types\/product"}],"wp:featuredmedia":[{"embeddable":true,"href":"https:\/\/mobelland.md\/ru\/wp-json\/wp\/v2\/media\/20825"}],"wp:attachment":[{"href":"https:\/\/mobelland.md\/ru\/wp-json\/wp\/v2\/media?parent=20824"}],"wp:term":[{"taxonomy":"product_cat","embeddable":true,"href":"https:\/\/mobelland.md\/ru\/wp-json\/wp\/v2\/product_cat?post=20824"},{"taxonomy":"product_tag","embeddable":true,"href":"https:\/\/mobelland.md\/ru\/wp-json\/wp\/v2\/product_tag?post=20824"}],"curies":[{"name":"wp","href":"https:\/\/api.w.org\/{rel}","templated":true}]}}