{"id":20786,"date":"2022-07-08T11:51:03","date_gmt":"2022-07-08T11:51:03","guid":{"rendered":"https:\/\/mobelland.md\/?post_type=product&#038;p=20786"},"modified":"2025-12-09T08:36:36","modified_gmt":"2025-12-09T08:36:36","slug":"leonardo-puccini-champagne-6er-set-280-ml-l069550","status":"publish","type":"product","link":"https:\/\/mobelland.md\/ru\/product\/leonardo-puccini-champagne-6er-set-280-ml-l069550\/","title":{"rendered":"Leonardo PUCCINI pahar pentru \u0219ampanie, 280 ml, (L069550)"},"content":{"rendered":"<p>Frumosul pahar de \u0219ampanie din seria PUCCINI asigur\u0103 momente incredibile de pl\u0103cere.\u00a0L\u0103sa\u021bi acest pahar de \u0219ampanie cu form\u0103 geometric\u0103 s\u0103 v\u0103 duc\u0103 \u00eentr-o lume modern\u0103!\u00a0Datorit\u0103 m\u00e2nerului s\u0103u tras, este foarte durabil \u0219i arat\u0103, de asemenea, elegant.\u00a0Las\u0103-te inspirat de flerul italian: LEONARDO evoc\u0103 o atitudine pozitiv\u0103 \u0219i u\u0219oar\u0103 fa\u021b\u0103 de via\u021ba din casa ta.\u00a0Acest pahar de \u0219ampanie se poate sp\u0103la \u00een ma\u0219ina de sp\u0103lat vase.\u00a0Calitate excelent\u0103: produsele Teqton inspir\u0103 str\u0103lucire \u0219i transparen\u021b\u0103 de durat\u0103 datorit\u0103 durit\u0103\u021bii suprafe\u021bei \u00eembun\u0103t\u0103\u021bite.\u00a0Acest lucru le face deosebit de durabile \u0219i rezistente la zg\u00e2rieturi.\u00a0Prime\u0219ti 6 pahare de \u0219ampanie \u00een acest set.\u00a0Nu ar trebui s\u0103 mai a\u0219tepta\u021bi mult!\u00a0Te po\u021bi bucura \u0219i tu de acest frumos pahar de \u0219ampanie!<\/p>\n<div class=\"ProductDetails__Cell ProductDetails__Cell--heavy\"><strong><em>Instruc\u021biuni de \u00eengrijire:<\/em><\/strong>se poate sp\u0103la vase<\/div>\n<div class=\"ProductDetails__Cell ProductDetails__Cell--heavy\"><strong><em>\u0426\u0432\u0435\u0442:<\/em><\/strong>clar<\/div>\n<div class=\"ProductDetails__Cell ProductDetails__Cell--heavy\"><em><strong>Sigur\u0103 pentru alimente:<\/strong><\/em>DA<\/div>\n<div class=\"ProductDetails__Cell ProductDetails__Cell--heavy\"><em><strong>Form\u0103:<\/strong><\/em>conic<\/div>\n<div class=\"ProductDetails__Cell ProductDetails__Cell--heavy\"><em><strong>Serie:<\/strong><\/em>PUCCINI<\/div>\n<div class=\"ProductDetails__Cell ProductDetails__Cell--heavy\"><em><strong>\u0421\u0442\u0438\u043b\u044c:<\/strong><\/em>modern<\/div>\n<div class=\"ProductDetails__Cell ProductDetails__Cell--heavy\"><em><strong>Inaltimea cupei:<\/strong><\/em>12,0 \u0441\u043c<\/div>\n<div class=\"ProductDetails__Cell ProductDetails__Cell--heavy\"><strong><em>Ad\u00e2ncime:<\/em><\/strong>8,2 cm<\/div>\n<div class=\"ProductDetails__Cell ProductDetails__Cell--heavy\"><em><strong>Diametru (picioare):<\/strong><\/em>7,7 cm<\/div>\n<div class=\"ProductDetails__Cell ProductDetails__Cell--heavy\"><em><strong>Diametru:<\/strong><\/em>8,2 cm<\/div>\n<div class=\"ProductDetails__Cell ProductDetails__Cell--heavy\"><em><strong>Diametru (marginea superioar\u0103):<\/strong><\/em>6,0 \u0441\u043c<\/div>\n<div class=\"ProductDetails__Cell ProductDetails__Cell--heavy\"><strong><em>\u00cen\u0103l\u0163ime:<\/em><\/strong>23,0 \u0441\u043c<\/div>\n<div class=\"ProductDetails__Cell ProductDetails__Cell--heavy\"><em><strong>Greutate:<\/strong><\/em>0,168 kg<\/div>\n<div class=\"ProductDetails__Cell ProductDetails__Cell--heavy\"><em><strong>Volum p\u00e2n\u0103 la refuz:<\/strong><\/em>400,0 ml<\/div>\n<div class=\"ProductDetails__Cell ProductDetails__Cell--heavy\"><em><strong>Volum util:<\/strong><\/em>220,0 ml<\/div>\n<div class=\"ProductDetails__Cell ProductDetails__Cell--heavy\"><em><strong>Larg:<\/strong><\/em>8,2 cm<\/div>\n<div class=\"ProductDetails__Cell ProductDetails__Cell--heavy\"><em><strong>Num\u0103rul de articol:<\/strong><\/em>069540<\/div>","protected":false},"excerpt":{"rendered":"<ul>\n<li>Pahar pentru \u0219ampanie<\/li>\n<li><strong>Pret pentru 1 pahar<\/strong><\/li>\n<li><strong><span class=\"attr__name\">\u00cen set &#8211; <\/span><span class=\"attr__value\">6 pahare<\/span><\/strong><\/li>\n<li>de sticl\u0103\u00a0de \u00eenalt\u0103 calitate datorit\u0103 Teqton<\/li>\n<\/ul>","protected":false},"featured_media":20787,"template":"","meta":[],"product_cat":[53,99],"product_tag":[],"_links":{"self":[{"href":"https:\/\/mobelland.md\/ru\/wp-json\/wp\/v2\/product\/20786"}],"collection":[{"href":"https:\/\/mobelland.md\/ru\/wp-json\/wp\/v2\/product"}],"about":[{"href":"https:\/\/mobelland.md\/ru\/wp-json\/wp\/v2\/types\/product"}],"wp:featuredmedia":[{"embeddable":true,"href":"https:\/\/mobelland.md\/ru\/wp-json\/wp\/v2\/media\/20787"}],"wp:attachment":[{"href":"https:\/\/mobelland.md\/ru\/wp-json\/wp\/v2\/media?parent=20786"}],"wp:term":[{"taxonomy":"product_cat","embeddable":true,"href":"https:\/\/mobelland.md\/ru\/wp-json\/wp\/v2\/product_cat?post=20786"},{"taxonomy":"product_tag","embeddable":true,"href":"https:\/\/mobelland.md\/ru\/wp-json\/wp\/v2\/product_tag?post=20786"}],"curies":[{"name":"wp","href":"https:\/\/api.w.org\/{rel}","templated":true}]}}