{"id":20725,"date":"2022-07-08T09:02:32","date_gmt":"2022-07-08T09:02:32","guid":{"rendered":"https:\/\/mobelland.md\/?post_type=product&#038;p=20725"},"modified":"2026-02-13T13:34:43","modified_gmt":"2026-02-13T13:34:43","slug":"leonardo-carafa-cu-apa-brioso-1000-ml-l050848","status":"publish","type":"product","link":"https:\/\/mobelland.md\/ru\/product\/leonardo-carafa-cu-apa-brioso-1000-ml-l050848\/","title":{"rendered":"Leonardo Carafa cu apa BRIOSO 1000 ml, (L050848)"},"content":{"rendered":"<p>Distra\u021bi-v\u0103 deplin &#8211; cu carafa de bun gust, realizat\u0103 manual din seria BRIOSO.\u00a0Las\u0103 aceast\u0103 caraf\u0103 cilindric\u0103 s\u0103 te duc\u0103 \u00eentr-o lume modern\u0103!\u00a0Cu carafa realizat\u0103 manual de la LEONARDO dai dovad\u0103 de stil \u0219i \u00ee\u021bi \u00eembog\u0103\u021be\u0219ti via\u021ba de zi cu zi cu un sentiment special pentru frumuse\u021be: nu doar tr\u0103ie\u0219te momente, ci bucur\u0103-te de ele!\u00a0Cu produse unice, lucrate manual, \u00ee\u021bi po\u021bi face via\u021ba de zi cu zi \u0219i mai frumoas\u0103.\u00a0Recompenseaz\u0103-te cu lucruri frumoase \u00een via\u021ba de zi cu zi &#8211; cu LEONARDO.\u00a0De ce s\u0103 te g\u00e2nde\u0219ti mult?\u00a0Nu a\u0219tepta mult, comand\u0103!\u00a0Profit\u0103 de aceast\u0103 caraf\u0103 practic\u0103.\u00a0O idee de cadou frumoasa!<\/p>\n<div class=\"ProductDetails__Cell ProductDetails__Cell--left-border\">\n<div class=\"ProductDetails__Cell ProductDetails__Cell--heavy\"><em><strong><span class=\"\">Instruc\u021biuni de \u00eengrijire:<\/span><\/strong><\/em>se poate sp\u0103la vase<\/div>\n<div class=\"ProductDetails__Cell ProductDetails__Cell--heavy\"><em><strong>\u0426\u0432\u0435\u0442:<\/strong><\/em>clar<\/div>\n<div class=\"ProductDetails__Cell ProductDetails__Cell--heavy\"><em><strong>Sigur\u0103 pentru alimente:<\/strong><\/em>DA<\/div>\n<div class=\"ProductDetails__Cell ProductDetails__Cell--heavy\"><em><strong>Form\u0103:<\/strong><\/em>Cilindric<\/div>\n<div class=\"ProductDetails__Cell ProductDetails__Cell--heavy\"><em><strong>Lucrate manual:<\/strong><\/em>da<\/div>\n<div class=\"ProductDetails__Cell ProductDetails__Cell--heavy\"><em><strong>Serie:<\/strong><\/em>Plin de viata<\/div>\n<div class=\"ProductDetails__Cell ProductDetails__Cell--heavy\"><em><strong>\u0421\u0442\u0438\u043b\u044c:<\/strong><\/em>modern<\/div>\n<div class=\"ProductDetails__Cell ProductDetails__Cell--heavy\"><em><strong>Ad\u00e2ncime:<\/strong><\/em>8,5 \u0441\u043c<\/div>\n<div class=\"ProductDetails__Cell ProductDetails__Cell--heavy\"><em><strong>Diametru:<\/strong><\/em>8,5 \u0441\u043c<\/div>\n<div class=\"ProductDetails__Cell ProductDetails__Cell--heavy\"><em><strong>\u00cen\u0103l\u0163ime:<\/strong><\/em>29,0 cm<\/div>\n<div class=\"ProductDetails__Cell ProductDetails__Cell--heavy\"><em><strong>Lung:<\/strong><\/em>8,5<\/div>\n<div class=\"ProductDetails__Cell ProductDetails__Cell--heavy\"><em><strong>Greutate:<\/strong><\/em>0,408\u00a0 kg<\/div>\n<div class=\"ProductDetails__Cell ProductDetails__Cell--heavy\"><strong><em>Volum p\u00e2n\u0103 la refuz:<\/em><\/strong>1100,0 ml<\/div>\n<div class=\"ProductDetails__Cell ProductDetails__Cell--heavy\"><em><strong>Volum util:<\/strong><\/em>1000,0 ml<\/div>\n<div class=\"ProductDetails__Cell ProductDetails__Cell--heavy\"><em><strong>Larg:<\/strong><\/em>8,5 \u0441\u043c<\/div>\n<div class=\"ProductDetails__Cell ProductDetails__Cell--heavy\"><em><strong>Num\u0103rul de articol:<\/strong><\/em>050848<\/div>\n<\/div>\n<div class=\"ProductDetails__Cell ProductDetails__Cell--heavy\"><\/div>\n<div class=\"ProductDetails__Cell ProductDetails__Cell--left-border\"><\/div>","protected":false},"excerpt":{"rendered":"<ul>\n<li class=\"SellingPoints__SellingPoint\">carafa de apa<\/li>\n<li class=\"SellingPoints__SellingPoint\">lucrat manual unic<\/li>\n<li class=\"SellingPoints__SellingPoint\">sigur\u0103 pentru alimente<\/li>\n<\/ul>","protected":false},"featured_media":20726,"template":"","meta":[],"product_cat":[53,99],"product_tag":[],"_links":{"self":[{"href":"https:\/\/mobelland.md\/ru\/wp-json\/wp\/v2\/product\/20725"}],"collection":[{"href":"https:\/\/mobelland.md\/ru\/wp-json\/wp\/v2\/product"}],"about":[{"href":"https:\/\/mobelland.md\/ru\/wp-json\/wp\/v2\/types\/product"}],"wp:featuredmedia":[{"embeddable":true,"href":"https:\/\/mobelland.md\/ru\/wp-json\/wp\/v2\/media\/20726"}],"wp:attachment":[{"href":"https:\/\/mobelland.md\/ru\/wp-json\/wp\/v2\/media?parent=20725"}],"wp:term":[{"taxonomy":"product_cat","embeddable":true,"href":"https:\/\/mobelland.md\/ru\/wp-json\/wp\/v2\/product_cat?post=20725"},{"taxonomy":"product_tag","embeddable":true,"href":"https:\/\/mobelland.md\/ru\/wp-json\/wp\/v2\/product_tag?post=20725"}],"curies":[{"name":"wp","href":"https:\/\/api.w.org\/{rel}","templated":true}]}}