{"id":20693,"date":"2022-07-08T07:45:53","date_gmt":"2022-07-08T07:45:53","guid":{"rendered":"https:\/\/mobelland.md\/?post_type=product&#038;p=20693"},"modified":"2026-03-11T16:44:30","modified_gmt":"2026-03-11T16:44:30","slug":"leonardo-teller-casolare-rose-d-25-cm-l049800","status":"publish","type":"product","link":"https:\/\/mobelland.md\/ru\/product\/leonardo-teller-casolare-rose-d-25-cm-l049800\/","title":{"rendered":"Leonardo Bowl CASOLARE rose D.25 cm (L049800)"},"content":{"rendered":"<p>Practic \u0219i stilat: pune accente de vis cu bolul din seria CASOLARE.\u00a0A fost realizat din sticl\u0103 filat\u0103 &#8211; \u0219i inspir\u0103 cu un aspect lucrat manual.\u00a0Acest bol este absolut obligatoriu.\u00a0Inspira\u021bi-v\u0103 de un design modern \u0219i cald &#8211; cu LEONARDO.\u00a0Decorarea poate fi at\u00e2t de u\u0219oar\u0103!\u00a0Total f\u0103r\u0103 complica\u021bii: bolul CASOLARE poate fi stivuit!\u00a0De ce sa mai astepti?\u00a0Cel mai bine este s\u0103 comanda\u021bi imediat \u0219i s\u0103 v\u0103 \u00eenfrumuse\u021ba\u021bi cei patru pere\u021bi: cu acest frumos bol de culoarea trandafirii.\u00a0O idee de cadou frumoasa!<\/p>\n<div class=\"ProductDetails__Cell ProductDetails__Cell--heavy\"><em><strong>Instruc\u021biuni de \u00eengrijire: <\/strong><\/em>spalat pe maini<\/div>\n<div class=\"ProductDetails__Cell ProductDetails__Cell--heavy\"><em><strong>\u0426\u0432\u0435\u0442: <\/strong><\/em>Trandafir<\/div>\n<div class=\"ProductDetails__Cell ProductDetails__Cell--heavy\"><strong><em>Tehnica de colorare: <\/em><\/strong>pictat<\/div>\n<div class=\"ProductDetails__Cell ProductDetails__Cell--heavy\"><strong><em>Sigur\u0103 pentru alimente: <\/em><\/strong>DA<\/div>\n<div class=\"ProductDetails__Cell ProductDetails__Cell--heavy\"><em><strong>Serie: <\/strong><\/em>CASOLARE<\/div>\n<div class=\"ProductDetails__Cell ProductDetails__Cell--heavy\"><em><strong>\u0421\u0442\u0438\u043b\u044c: <\/strong><\/em>modern<\/div>\n<div class=\"ProductDetails__Cell ProductDetails__Cell--heavy\"><em><strong>Ad\u00e2ncime: <\/strong><\/em>25,0 \u0441\u043c<\/div>\n<div class=\"ProductDetails__Cell ProductDetails__Cell--heavy\"><em><strong>Diametru: <\/strong><\/em>25,0 \u0441\u043c<\/div>\n<div class=\"ProductDetails__Cell ProductDetails__Cell--heavy\"><em><strong>\u00cen\u0103l\u0163ime: <\/strong><\/em>10,5 cm<\/div>\n<div class=\"ProductDetails__Cell ProductDetails__Cell--heavy\"><em><strong>Greutate: <\/strong><\/em>0,815 kg<\/div>\n<div class=\"ProductDetails__Cell ProductDetails__Cell--heavy\"><em><strong>Larg: <\/strong><\/em>25 cm<\/div>\n<div class=\"ProductDetails__Cell ProductDetails__Cell--heavy\"><strong><em>Num\u0103rul de articol: <\/em><\/strong>049800<\/div>","protected":false},"excerpt":{"rendered":"<ul>\n<li class=\"SellingPoints__SellingPoint\">Pieli\u021b\u0103<\/li>\n<li class=\"SellingPoints__SellingPoint\">practic deoarece poate fi stivuit<\/li>\n<li class=\"SellingPoints__SellingPoint\">sigur\u0103 pentru alimente<\/li>\n<\/ul>","protected":false},"featured_media":20694,"template":"","meta":[],"product_cat":[95,220,239,53],"product_tag":[],"_links":{"self":[{"href":"https:\/\/mobelland.md\/ru\/wp-json\/wp\/v2\/product\/20693"}],"collection":[{"href":"https:\/\/mobelland.md\/ru\/wp-json\/wp\/v2\/product"}],"about":[{"href":"https:\/\/mobelland.md\/ru\/wp-json\/wp\/v2\/types\/product"}],"wp:featuredmedia":[{"embeddable":true,"href":"https:\/\/mobelland.md\/ru\/wp-json\/wp\/v2\/media\/20694"}],"wp:attachment":[{"href":"https:\/\/mobelland.md\/ru\/wp-json\/wp\/v2\/media?parent=20693"}],"wp:term":[{"taxonomy":"product_cat","embeddable":true,"href":"https:\/\/mobelland.md\/ru\/wp-json\/wp\/v2\/product_cat?post=20693"},{"taxonomy":"product_tag","embeddable":true,"href":"https:\/\/mobelland.md\/ru\/wp-json\/wp\/v2\/product_tag?post=20693"}],"curies":[{"name":"wp","href":"https:\/\/api.w.org\/{rel}","templated":true}]}}