{"id":20658,"date":"2022-07-07T13:27:44","date_gmt":"2022-07-07T13:27:44","guid":{"rendered":"https:\/\/mobelland.md\/?post_type=product&#038;p=20658"},"modified":"2025-12-22T10:40:22","modified_gmt":"2025-12-22T10:40:22","slug":"leonardo-vaza-casolare-braun-d-24-cm-l049794","status":"publish","type":"product","link":"https:\/\/mobelland.md\/ru\/product\/leonardo-vaza-casolare-braun-d-24-cm-l049794\/","title":{"rendered":"Leonardo Vaza CASOLARE brown, h. 24 cm (L049794)"},"content":{"rendered":"<p>Vaza din seria CASOLARE transmite o atitudine exclusivista fata de viata.\u00a0Fii creativ \u0219i decoreaz\u0103-\u021bi casa a\u0219a cum vrei!\u00a0Cu forma sa bulboas\u0103, aceast\u0103 vaz\u0103 se potrive\u0219te perfect cu stilul de cas\u0103 de \u021bar\u0103 vis\u0103tor \u0219i pasional.\u00a0Se pastreaza intr-o culoare maro calda.\u00a0Vaza de sticl\u0103 fantastic de frumoas\u0103 este un punct culminant!\u00a0Armonios, modern \u0219i elegant, LEONARDO v\u0103 inspir\u0103 atunci c\u00e2nd v\u0103 proiecta\u021bi casa &#8211; juca\u021bi-v\u0103 cu creativitatea \u0219i asigura\u021bi-v\u0103 o ambian\u021b\u0103 minunat\u0103 \u0219i individual\u0103.\u00a0Decorat de care sa te indragostesti!\u00a0Nu te mai g\u00e2ndi la asta!\u00a0Cump\u0103r\u0103 ast\u0103zi \u0219i pune accente noi \u00een casa ta: cu vaza maro.\u00a0De asemenea, o alegere excelent\u0103 ca cadou!<\/p>\n<div class=\"ProductDetails__Cell ProductDetails__Cell--heavy\"><em><strong>Instruc\u021biuni de \u00eengrijire:<\/strong><\/em>spalat pe maini<\/div>\n<div class=\"ProductDetails__Cell ProductDetails__Cell--heavy\"><em><strong>\u0426\u0432\u0435\u0442:<\/strong><\/em>brown<\/div>\n<div class=\"ProductDetails__Cell ProductDetails__Cell--heavy\"><em><strong>Tehnica de colorare:<\/strong><\/em>pictat<\/div>\n<div class=\"ProductDetails__Cell ProductDetails__Cell--heavy\"><em><strong>Form\u0103:<\/strong><\/em>bauchig<\/div>\n<div class=\"ProductDetails__Cell ProductDetails__Cell--heavy\"><em><strong>Serie:<\/strong><\/em>CASOLARE<\/div>\n<div class=\"ProductDetails__Cell ProductDetails__Cell--heavy\"><em><strong>\u0421\u0442\u0438\u043b\u044c:<\/strong><\/em>casa la tara<\/div>\n<div class=\"ProductDetails__Cell ProductDetails__Cell--heavy\"><em><strong>Ad\u00e2ncime:<\/strong><\/em>16,0 cm<\/div>\n<div class=\"ProductDetails__Cell ProductDetails__Cell--heavy\"><em><strong>D<\/strong><strong>iametru (picioare):<\/strong><\/em>9,5 cm<\/div>\n<div class=\"ProductDetails__Cell ProductDetails__Cell--heavy\"><strong><em>Diametru<\/em><\/strong>:16,0 cm<\/div>\n<div class=\"ProductDetails__Cell ProductDetails__Cell--heavy\"><em><strong>Diametru (marginea superioar\u0103):<\/strong><\/em>10,0 cm<\/div>\n<div class=\"ProductDetails__Cell ProductDetails__Cell--heavy\"><em><strong>\u00cen\u0103l\u0163ime:<\/strong><\/em>24,0 cm<\/div>\n<div class=\"ProductDetails__Cell ProductDetails__Cell--heavy\"><em><strong>Greutate:<\/strong><\/em>0,64 kg<\/div>\n<div class=\"ProductDetails__Cell ProductDetails__Cell--heavy\"><em><strong>Larg:<\/strong><\/em>16,0 cm<\/div>\n<div class=\"ProductDetails__Cell ProductDetails__Cell--heavy\"><em><strong>Num\u0103rul de articol:<\/strong><\/em>049794<\/div>","protected":false},"excerpt":{"rendered":"<ul>\n<li class=\"SellingPoints__SellingPoint\">Krugvase<\/li>\n<li class=\"SellingPoints__SellingPoint\">de sticl\u0103<\/li>\n<li class=\"SellingPoints__SellingPoint\">aus der CASOLARE Series<\/li>\n<\/ul>","protected":false},"featured_media":20659,"template":"","meta":[],"product_cat":[240,54,220,98],"product_tag":[],"_links":{"self":[{"href":"https:\/\/mobelland.md\/ru\/wp-json\/wp\/v2\/product\/20658"}],"collection":[{"href":"https:\/\/mobelland.md\/ru\/wp-json\/wp\/v2\/product"}],"about":[{"href":"https:\/\/mobelland.md\/ru\/wp-json\/wp\/v2\/types\/product"}],"wp:featuredmedia":[{"embeddable":true,"href":"https:\/\/mobelland.md\/ru\/wp-json\/wp\/v2\/media\/20659"}],"wp:attachment":[{"href":"https:\/\/mobelland.md\/ru\/wp-json\/wp\/v2\/media?parent=20658"}],"wp:term":[{"taxonomy":"product_cat","embeddable":true,"href":"https:\/\/mobelland.md\/ru\/wp-json\/wp\/v2\/product_cat?post=20658"},{"taxonomy":"product_tag","embeddable":true,"href":"https:\/\/mobelland.md\/ru\/wp-json\/wp\/v2\/product_tag?post=20658"}],"curies":[{"name":"wp","href":"https:\/\/api.w.org\/{rel}","templated":true}]}}