{"id":20645,"date":"2022-07-07T12:58:09","date_gmt":"2022-07-07T12:58:09","guid":{"rendered":"https:\/\/mobelland.md\/?post_type=product&#038;p=20645"},"modified":"2025-12-17T13:02:51","modified_gmt":"2025-12-17T13:02:51","slug":"leonardo-vaza-milano-bordo-d-2015-cm-l041666","status":"publish","type":"product","link":"https:\/\/mobelland.md\/ru\/product\/leonardo-vaza-milano-bordo-d-2015-cm-l041666\/","title":{"rendered":"Leonardo Vaza MILANO Bordo d. 20*15 cm (L041666)"},"content":{"rendered":"<p>Evoca\u021bi o oaz\u0103 de bun\u0103stare \u00een casa dvs.: este posibil cu vaza realizat\u0103 manual din seria MILANO.\u00a0Aceast\u0103 vaz\u0103 este absolut obligatoriu.\u00a0Ar\u0103ta\u021bi c\u0103 ave\u021bi o apreciere pentru frumuse\u021be cu aceast\u0103 vaz\u0103 LEONARDO unic\u0103, realizat\u0103 manual.\u00a0Fiecare produs lucrat manual este, de asemenea, unic!\u00a0Nimic nu d\u0103 at\u00e2ta bucurie ca un design frumos cu care \u00ee\u021bi po\u021bi tr\u0103i creativitatea \u2013 cu LEONARDO.\u00a0Lasa-te inspirat de minunatul decor!\u00a0De ce s\u0103 a\u0219tep\u021bi at\u00e2t de mult?\u00a0Cel mai bine este s\u0103 comanda\u021bi imediat \u0219i s\u0103 v\u0103 \u00eenfrumuse\u021ba\u021bi cei patru pere\u021bi cu aceast\u0103 vaz\u0103 frumoas\u0103.\u00a0O idee de cadou frumoasa!<\/p>\n<div class=\"ProductDetails__Cell ProductDetails__Cell--heavy\"><strong><em>Instruc\u021biuni de \u00eengrijire:<\/em><\/strong>spalat pe maini<\/div>\n<div class=\"ProductDetails__Cell ProductDetails__Cell--heavy\"><em><strong>\u0426\u0432\u0435\u0442:<\/strong><\/em>BORDO<\/div>\n<div class=\"ProductDetails__Cell ProductDetails__Cell--heavy\"><em><strong>Tehnica de colorare:<\/strong><\/em>vopsit prin<\/div>\n<div class=\"ProductDetails__Cell ProductDetails__Cell--heavy\"><strong><em>Lucrate manual:<\/em><\/strong>DA<\/div>\n<div class=\"ProductDetails__Cell ProductDetails__Cell--heavy\"><em><strong>Serie:<\/strong><\/em>MILANO<\/div>\n<div class=\"ProductDetails__Cell ProductDetails__Cell--heavy\"><strong><em>\u0421\u0442\u0438\u043b\u044c:<\/em><\/strong>modern<\/div>\n<div class=\"ProductDetails__Cell ProductDetails__Cell--heavy\"><em><strong>Tehnologie:<\/strong><\/em>tehnica de suprapunere<\/div>\n<div class=\"ProductDetails__Cell ProductDetails__Cell--heavy\"><em><strong>Ad\u00e2ncime:<\/strong><\/em>15 ,0 cm<\/div>\n<div class=\"ProductDetails__Cell ProductDetails__Cell--heavy\"><em><strong>\u00cen\u0103l\u0163ime:<\/strong><\/em>20,0 cm<\/div>\n<div class=\"ProductDetails__Cell ProductDetails__Cell--heavy\"><em><strong>Greutate:<\/strong><\/em>1,1 kg<\/div>\n<div class=\"ProductDetails__Cell ProductDetails__Cell--heavy\"><em><strong>Larg:<\/strong><\/em>15,0 cm<\/div>\n<div class=\"ProductDetails__Cell ProductDetails__Cell--heavy\"><em><strong>Num\u0103rul de articol:<\/strong><\/em>041666<\/div>","protected":false},"excerpt":{"rendered":"<ul>\n<li class=\"SellingPoints__SellingPoint\">Vaz\u0103<\/li>\n<li class=\"SellingPoints__SellingPoint\">lucrat manual unic<\/li>\n<li class=\"SellingPoints__SellingPoint\">din seria MILANO<\/li>\n<\/ul>","protected":false},"featured_media":20646,"template":"","meta":[],"product_cat":[240,54,220,98],"product_tag":[],"_links":{"self":[{"href":"https:\/\/mobelland.md\/ru\/wp-json\/wp\/v2\/product\/20645"}],"collection":[{"href":"https:\/\/mobelland.md\/ru\/wp-json\/wp\/v2\/product"}],"about":[{"href":"https:\/\/mobelland.md\/ru\/wp-json\/wp\/v2\/types\/product"}],"wp:featuredmedia":[{"embeddable":true,"href":"https:\/\/mobelland.md\/ru\/wp-json\/wp\/v2\/media\/20646"}],"wp:attachment":[{"href":"https:\/\/mobelland.md\/ru\/wp-json\/wp\/v2\/media?parent=20645"}],"wp:term":[{"taxonomy":"product_cat","embeddable":true,"href":"https:\/\/mobelland.md\/ru\/wp-json\/wp\/v2\/product_cat?post=20645"},{"taxonomy":"product_tag","embeddable":true,"href":"https:\/\/mobelland.md\/ru\/wp-json\/wp\/v2\/product_tag?post=20645"}],"curies":[{"name":"wp","href":"https:\/\/api.w.org\/{rel}","templated":true}]}}