{"id":20588,"date":"2022-07-07T09:59:04","date_gmt":"2022-07-07T09:59:04","guid":{"rendered":"https:\/\/mobelland.md\/?post_type=product&#038;p=20588"},"modified":"2025-12-08T14:15:20","modified_gmt":"2025-12-08T14:15:20","slug":"leonardo-vaza-de-masa-milano-white-d-28-cm-l032962","status":"publish","type":"product","link":"https:\/\/mobelland.md\/ru\/product\/leonardo-vaza-de-masa-milano-white-d-28-cm-l032962\/","title":{"rendered":"Leonardo Vaza MILANO White h. 28 cm (L032962)"},"content":{"rendered":"<p>Evoca\u021bi o oaz\u0103 de bun\u0103stare \u00een casa dvs.: este posibil cu vaza din seria MILANO.\u00a0Las\u0103 aceast\u0103 vaz\u0103 cu form\u0103 pl\u0103cut\u0103 s\u0103 te duc\u0103 \u00eentr-o lume modern\u0103!\u00a0Culoarea atr\u0103g\u0103toare din satin subliniaz\u0103 aspectul modern \u0219i stilat.\u00a0Sticla face ca obiectul s\u0103 fie un punct culminant absolut \u00een casa ta!\u00a0Inspira\u021bi-v\u0103 de un design proasp\u0103t \u0219i armonios &#8211; cu LEONARDO.\u00a0Decorarea poate fi at\u00e2t de u\u0219oar\u0103!\u00a0Nu te g\u00e2ndi de dou\u0103 ori &#8211; cel mai bine este s\u0103 comanzi direct.\u00a0Asigura\u021bi-v\u0103 un punct culminant pentru casa dvs. cu frumoasa vaz\u0103 cu finisaj satinat de la LEONARDO!<\/p>\n<div class=\"ProductDetails__Cell ProductDetails__Cell--heavy\"><em><strong>\u0426\u0432\u0435\u0442:<\/strong><\/em>finisaj satinat<\/div>\n<div class=\"ProductDetails__Cell ProductDetails__Cell--heavy\">Te<em><strong>hnica de colorare:<\/strong><\/em>vopsit prin<\/div>\n<div class=\"ProductDetails__Cell ProductDetails__Cell--heavy\"><em><strong>Form\u0103:<\/strong><\/em>mul\u021bumit<\/div>\n<div class=\"ProductDetails__Cell ProductDetails__Cell--heavy\"><em><strong>Serie:<\/strong><\/em>MILANO<\/div>\n<div class=\"ProductDetails__Cell ProductDetails__Cell--heavy\"><em><strong>\u0421\u0442\u0438\u043b\u044c:<\/strong><\/em>modern<\/div>\n<div class=\"ProductDetails__Cell ProductDetails__Cell--heavy\"><em><strong>Tehnologie:<\/strong><\/em>finisaj satinat<\/div>\n<div class=\"ProductDetails__Cell ProductDetails__Cell--heavy\"><em><strong>Ad\u00e2ncime:<\/strong><\/em>13,7 cm<\/div>\n<div class=\"ProductDetails__Cell ProductDetails__Cell--heavy\"><em><strong>Diametru:<\/strong><\/em>13,7 cm<\/div>\n<div class=\"ProductDetails__Cell ProductDetails__Cell--heavy\"><em><strong>\u00cen\u0103l\u0163ime:<\/strong><\/em>28,0 \u0441\u043c<\/div>\n<div class=\"ProductDetails__Cell ProductDetails__Cell--heavy\"><em><strong>Greutate:<\/strong><\/em>0,5\u00a0 kg<\/div>\n<div class=\"ProductDetails__Cell ProductDetails__Cell--heavy\"><em><strong>Larg:<\/strong><\/em>13,7 cm<\/div>\n<div class=\"ProductDetails__Cell ProductDetails__Cell--heavy\"><em><strong>Num\u0103rul de articol:<\/strong><\/em>032962<\/div>","protected":false},"excerpt":{"rendered":"<ul>\n<li class=\"SellingPoints__SellingPoint\">Vaz\u0103<\/li>\n<li class=\"SellingPoints__SellingPoint\">de sticl\u0103<\/li>\n<li class=\"SellingPoints__SellingPoint\">cu finisaj satinat<\/li>\n<\/ul>","protected":false},"featured_media":20590,"template":"","meta":[],"product_cat":[240,54,220,98],"product_tag":[],"_links":{"self":[{"href":"https:\/\/mobelland.md\/ru\/wp-json\/wp\/v2\/product\/20588"}],"collection":[{"href":"https:\/\/mobelland.md\/ru\/wp-json\/wp\/v2\/product"}],"about":[{"href":"https:\/\/mobelland.md\/ru\/wp-json\/wp\/v2\/types\/product"}],"wp:featuredmedia":[{"embeddable":true,"href":"https:\/\/mobelland.md\/ru\/wp-json\/wp\/v2\/media\/20590"}],"wp:attachment":[{"href":"https:\/\/mobelland.md\/ru\/wp-json\/wp\/v2\/media?parent=20588"}],"wp:term":[{"taxonomy":"product_cat","embeddable":true,"href":"https:\/\/mobelland.md\/ru\/wp-json\/wp\/v2\/product_cat?post=20588"},{"taxonomy":"product_tag","embeddable":true,"href":"https:\/\/mobelland.md\/ru\/wp-json\/wp\/v2\/product_tag?post=20588"}],"curies":[{"name":"wp","href":"https:\/\/api.w.org\/{rel}","templated":true}]}}