{"id":20585,"date":"2022-07-07T09:53:06","date_gmt":"2022-07-07T09:53:06","guid":{"rendered":"https:\/\/mobelland.md\/?post_type=product&#038;p=20585"},"modified":"2025-12-17T12:40:19","modified_gmt":"2025-12-17T12:40:19","slug":"leonardo-vaza-de-masa-milano-blue-d-28-cm-l032960","status":"publish","type":"product","link":"https:\/\/mobelland.md\/ru\/product\/leonardo-vaza-de-masa-milano-blue-d-28-cm-l032960\/","title":{"rendered":"Leonardo Vaza MILANO Blue h. 28 cm (L032960)"},"content":{"rendered":"<p>Ofer\u0103 farmec \u00een mobilierul casei tale.\u00a0Vaza de mas\u0103 din seria MILANO evoc\u0103 o atitudine de vis fa\u021b\u0103 de via\u021b\u0103.\u00a0Aceast\u0103 vaz\u0103 de mas\u0103 cu form\u0103 pl\u0103cut\u0103 este absolut obligatoriu \u0219i impresioneaz\u0103 prin culoarea albastr\u0103 \u0219ic.\u00a0Nimic nu d\u0103 at\u00e2ta bucurie ca un design frumos cu care \u00ee\u021bi po\u021bi tr\u0103i creativitatea &#8211; cu LEONARDO.\u00a0Lasa-te inspirat de minunatul decor!\u00a0Cel mai bine este s\u0103 nu te g\u00e2nde\u0219ti prea mult!\u00a0Cump\u0103r\u0103 ast\u0103zi \u0219i pune accente noi \u00een casa ta: cu vaza de mas\u0103 albastr\u0103.<\/p>\n<div class=\"ProductDetails__Cell ProductDetails__Cell--heavy\"><em><strong>\u0426\u0432\u0435\u0442:<\/strong><\/em>finisaj satinat<\/div>\n<div class=\"ProductDetails__Cell ProductDetails__Cell--heavy\">Te<em><strong>hnica de colorare:<\/strong><\/em>vopsit prin<\/div>\n<div class=\"ProductDetails__Cell ProductDetails__Cell--heavy\"><em><strong>Form\u0103:<\/strong><\/em>mul\u021bumit<\/div>\n<div class=\"ProductDetails__Cell ProductDetails__Cell--heavy\"><em><strong>Serie:<\/strong><\/em>MILANO<\/div>\n<div class=\"ProductDetails__Cell ProductDetails__Cell--heavy\"><em><strong>\u0421\u0442\u0438\u043b\u044c:<\/strong><\/em>modern<\/div>\n<div class=\"ProductDetails__Cell ProductDetails__Cell--heavy\"><em><strong>Tehnologie:<\/strong><\/em>finisaj satinat<\/div>\n<div class=\"ProductDetails__Cell ProductDetails__Cell--heavy\"><em><strong>Ad\u00e2ncime:<\/strong><\/em>13,7 cm<\/div>\n<div class=\"ProductDetails__Cell ProductDetails__Cell--heavy\"><em><strong>Diametru:<\/strong><\/em>13,7 cm<\/div>\n<div class=\"ProductDetails__Cell ProductDetails__Cell--heavy\"><em><strong>\u00cen\u0103l\u0163ime:<\/strong><\/em>28,0 \u0441\u043c<\/div>\n<div class=\"ProductDetails__Cell ProductDetails__Cell--heavy\"><em><strong>Greutate:<\/strong><\/em>0,5\u00a0 kg<\/div>\n<div class=\"ProductDetails__Cell ProductDetails__Cell--heavy\"><em><strong>Larg:<\/strong><\/em>13,7 cm<\/div>\n<div class=\"ProductDetails__Cell ProductDetails__Cell--heavy\"><em><strong>Num\u0103rul de articol:<\/strong><\/em>032960<\/div>","protected":false},"excerpt":{"rendered":"<ul>\n<li class=\"SellingPoints__SellingPoint\">Tischvase<\/li>\n<li class=\"SellingPoints__SellingPoint\">\u00een nuan\u021b\u0103 albastr\u0103<\/li>\n<li class=\"SellingPoints__SellingPoint\">din seria MILANO<\/li>\n<\/ul>","protected":false},"featured_media":20586,"template":"","meta":[],"product_cat":[240,54,220,98],"product_tag":[],"_links":{"self":[{"href":"https:\/\/mobelland.md\/ru\/wp-json\/wp\/v2\/product\/20585"}],"collection":[{"href":"https:\/\/mobelland.md\/ru\/wp-json\/wp\/v2\/product"}],"about":[{"href":"https:\/\/mobelland.md\/ru\/wp-json\/wp\/v2\/types\/product"}],"wp:featuredmedia":[{"embeddable":true,"href":"https:\/\/mobelland.md\/ru\/wp-json\/wp\/v2\/media\/20586"}],"wp:attachment":[{"href":"https:\/\/mobelland.md\/ru\/wp-json\/wp\/v2\/media?parent=20585"}],"wp:term":[{"taxonomy":"product_cat","embeddable":true,"href":"https:\/\/mobelland.md\/ru\/wp-json\/wp\/v2\/product_cat?post=20585"},{"taxonomy":"product_tag","embeddable":true,"href":"https:\/\/mobelland.md\/ru\/wp-json\/wp\/v2\/product_tag?post=20585"}],"curies":[{"name":"wp","href":"https:\/\/api.w.org\/{rel}","templated":true}]}}