{"id":20579,"date":"2022-07-07T09:36:33","date_gmt":"2022-07-07T09:36:33","guid":{"rendered":"https:\/\/mobelland.md\/?post_type=product&#038;p=20579"},"modified":"2025-12-17T12:39:37","modified_gmt":"2025-12-17T12:39:37","slug":"leonardo-vaza-de-masa-milano-blue-d-14-cm-l032957","status":"publish","type":"product","link":"https:\/\/mobelland.md\/ru\/product\/leonardo-vaza-de-masa-milano-blue-d-14-cm-l032957\/","title":{"rendered":"Leonardo Vaza MILANO Blue h. 14 cm (L032957)"},"content":{"rendered":"<p>Mobila-ti casa complet dupa dorintele tale: este posibil cu vaza din seria MILANO!\u00a0Cu forma sa placuta, aceasta vaza subliniaza un stil minunat si stimulant.\u00a0Se pastreaza intr-o nuanta sic de albastru.\u00a0Aceast\u0103 vaz\u0103 de sticl\u0103 devine un punct culminant cu totul special.\u00a0Nimic nu d\u0103 at\u00e2ta bucurie ca un design frumos cu care \u00ee\u021bi po\u021bi tr\u0103i creativitatea &#8211; cu LEONARDO.\u00a0Lasa-te inspirat de minunatul decor!\u00a0Nu ar trebui s\u0103 mai ezita\u021bi!\u00a0Cump\u0103r\u0103 ast\u0103zi \u0219i pune accente noi \u00een casa ta: cu vaza albastr\u0103.<\/p>\n<div class=\"ProductDetails__Cell ProductDetails__Cell--heavy\"><em><strong>\u0426\u0432\u0435\u0442:<\/strong><\/em>finisaj satinat<\/div>\n<div class=\"ProductDetails__Cell ProductDetails__Cell--heavy\">Te<em><strong>hnica de colorare:<\/strong><\/em>vopsit prin<\/div>\n<div class=\"ProductDetails__Cell ProductDetails__Cell--heavy\"><em><strong>Form\u0103:<\/strong><\/em>mul\u021bumit<\/div>\n<div class=\"ProductDetails__Cell ProductDetails__Cell--heavy\"><em><strong>Serie:<\/strong><\/em>MILANO<\/div>\n<div class=\"ProductDetails__Cell ProductDetails__Cell--heavy\"><em><strong>\u0421\u0442\u0438\u043b\u044c:<\/strong><\/em>modern<\/div>\n<div class=\"ProductDetails__Cell ProductDetails__Cell--heavy\"><em><strong>Tehnologie:<\/strong><\/em>finisaj satinat<\/div>\n<div class=\"ProductDetails__Cell ProductDetails__Cell--heavy\"><em><strong>Ad\u00e2ncime:<\/strong><\/em>6,9 cm<\/div>\n<div class=\"ProductDetails__Cell ProductDetails__Cell--heavy\"><em><strong>Diametru:<\/strong><\/em>6,9 cm<\/div>\n<div class=\"ProductDetails__Cell ProductDetails__Cell--heavy\"><em><strong>\u00cen\u0103l\u0163ime:<\/strong><\/em>14,0 \u0441\u043c<\/div>\n<div class=\"ProductDetails__Cell ProductDetails__Cell--heavy\"><em><strong>Greutate:<\/strong><\/em>0,175 kg<\/div>\n<div class=\"ProductDetails__Cell ProductDetails__Cell--heavy\"><em><strong>Larg:<\/strong><\/em>6,9 cm<\/div>\n<div class=\"ProductDetails__Cell ProductDetails__Cell--heavy\"><em><strong>Num\u0103rul de articol:<\/strong><\/em>032957<\/div>","protected":false},"excerpt":{"rendered":"<ul>\n<li class=\"SellingPoints__SellingPoint\">Vaz\u0103<\/li>\n<li class=\"SellingPoints__SellingPoint\">de sticl\u0103<\/li>\n<li class=\"SellingPoints__SellingPoint\">\u00een nuan\u021b\u0103 albastr\u0103<\/li>\n<\/ul>","protected":false},"featured_media":20580,"template":"","meta":[],"product_cat":[240,54,220,98],"product_tag":[],"_links":{"self":[{"href":"https:\/\/mobelland.md\/ru\/wp-json\/wp\/v2\/product\/20579"}],"collection":[{"href":"https:\/\/mobelland.md\/ru\/wp-json\/wp\/v2\/product"}],"about":[{"href":"https:\/\/mobelland.md\/ru\/wp-json\/wp\/v2\/types\/product"}],"wp:featuredmedia":[{"embeddable":true,"href":"https:\/\/mobelland.md\/ru\/wp-json\/wp\/v2\/media\/20580"}],"wp:attachment":[{"href":"https:\/\/mobelland.md\/ru\/wp-json\/wp\/v2\/media?parent=20579"}],"wp:term":[{"taxonomy":"product_cat","embeddable":true,"href":"https:\/\/mobelland.md\/ru\/wp-json\/wp\/v2\/product_cat?post=20579"},{"taxonomy":"product_tag","embeddable":true,"href":"https:\/\/mobelland.md\/ru\/wp-json\/wp\/v2\/product_tag?post=20579"}],"curies":[{"name":"wp","href":"https:\/\/api.w.org\/{rel}","templated":true}]}}