{"id":20572,"date":"2022-07-07T08:56:26","date_gmt":"2022-07-07T08:56:26","guid":{"rendered":"https:\/\/mobelland.md\/?post_type=product&#038;p=20572"},"modified":"2025-12-08T14:15:53","modified_gmt":"2025-12-08T14:15:53","slug":"leonardo-vaza-de-masa-milano-d-14-cm-finisaj-satinat-l032955","status":"publish","type":"product","link":"https:\/\/mobelland.md\/ru\/product\/leonardo-vaza-de-masa-milano-d-14-cm-finisaj-satinat-l032955\/","title":{"rendered":"Leonardo Vaza MILANO h.14 cm finisaj satinat (L032955)"},"content":{"rendered":"<p>Mobileaz\u0103-\u021bi casa fermec\u0103tor \u0219i complet conform dorin\u021belor tale: Cu vaza de mas\u0103 din seria MILANO, nimic nu este mai u\u0219or dec\u00e2t at\u00e2t!\u00a0Aceast\u0103 vaz\u0103 de mas\u0103 cu form\u0103 pl\u0103cut\u0103 este absolut obligatoriu \u0219i impresioneaz\u0103 prin finisajul s\u0103u satinat atractiv.\u00a0Nimic nu d\u0103 at\u00e2ta bucurie ca un design frumos cu care \u00ee\u021bi po\u021bi tr\u0103i propriul stil &#8211; cu LEONARDO.\u00a0Lasa-te inspirat de minunatul decor!\u00a0Pentru to\u021bi cei care pre\u021buiesc calitatea &#8211; r\u0103sf\u0103\u021ba\u021bi-v\u0103 cu aceast\u0103 frumoas\u0103 vaz\u0103 de mas\u0103 din satin care v\u0103 va rezista mult timp.<\/p>\n<div class=\"ProductDetails__Cell ProductDetails__Cell--heavy\"><em><strong>\u0426\u0432\u0435\u0442:<\/strong><\/em>finisaj satinat<\/div>\n<div class=\"ProductDetails__Cell ProductDetails__Cell--heavy\">Te<em><strong>hnica de colorare:<\/strong><\/em>vopsit prin<\/div>\n<div class=\"ProductDetails__Cell ProductDetails__Cell--heavy\"><em><strong>Form\u0103:<\/strong><\/em>mul\u021bumit<\/div>\n<div class=\"ProductDetails__Cell ProductDetails__Cell--heavy\"><em><strong>Serie:<\/strong><\/em>MILANO<\/div>\n<div class=\"ProductDetails__Cell ProductDetails__Cell--heavy\"><em><strong>\u0421\u0442\u0438\u043b\u044c:<\/strong><\/em>modern<\/div>\n<div class=\"ProductDetails__Cell ProductDetails__Cell--heavy\"><em><strong>Tehnologie:<\/strong><\/em>finisaj satinat<\/div>\n<div class=\"ProductDetails__Cell ProductDetails__Cell--heavy\"><em><strong>Ad\u00e2ncime:<\/strong><\/em>6,9 cm<\/div>\n<div class=\"ProductDetails__Cell ProductDetails__Cell--heavy\"><em><strong>Diametru:<\/strong><\/em>6,9 cm<\/div>\n<div class=\"ProductDetails__Cell ProductDetails__Cell--heavy\"><em><strong>\u00cen\u0103l\u0163ime:<\/strong><\/em>14,0 \u0441\u043c<\/div>\n<div class=\"ProductDetails__Cell ProductDetails__Cell--heavy\"><em><strong>Greutate:<\/strong><\/em>0,175 kg<\/div>\n<div class=\"ProductDetails__Cell ProductDetails__Cell--heavy\"><em><strong>Larg:<\/strong><\/em>6,9 cm<\/div>\n<div class=\"ProductDetails__Cell ProductDetails__Cell--heavy\"><em><strong>Num\u0103rul de articol:<\/strong><\/em>032955<\/div>","protected":false},"excerpt":{"rendered":"<ul>\n<li class=\"SellingPoints__SellingPoint\">Tischvase<\/li>\n<li class=\"SellingPoints__SellingPoint\">cu finisaj satinat<\/li>\n<li class=\"SellingPoints__SellingPoint\">din seria MILANO<\/li>\n<\/ul>","protected":false},"featured_media":20573,"template":"","meta":[],"product_cat":[240,54,220,98],"product_tag":[],"_links":{"self":[{"href":"https:\/\/mobelland.md\/ru\/wp-json\/wp\/v2\/product\/20572"}],"collection":[{"href":"https:\/\/mobelland.md\/ru\/wp-json\/wp\/v2\/product"}],"about":[{"href":"https:\/\/mobelland.md\/ru\/wp-json\/wp\/v2\/types\/product"}],"wp:featuredmedia":[{"embeddable":true,"href":"https:\/\/mobelland.md\/ru\/wp-json\/wp\/v2\/media\/20573"}],"wp:attachment":[{"href":"https:\/\/mobelland.md\/ru\/wp-json\/wp\/v2\/media?parent=20572"}],"wp:term":[{"taxonomy":"product_cat","embeddable":true,"href":"https:\/\/mobelland.md\/ru\/wp-json\/wp\/v2\/product_cat?post=20572"},{"taxonomy":"product_tag","embeddable":true,"href":"https:\/\/mobelland.md\/ru\/wp-json\/wp\/v2\/product_tag?post=20572"}],"curies":[{"name":"wp","href":"https:\/\/api.w.org\/{rel}","templated":true}]}}