{"id":20567,"date":"2022-07-07T08:34:00","date_gmt":"2022-07-07T08:34:00","guid":{"rendered":"https:\/\/mobelland.md\/?post_type=product&#038;p=20567"},"modified":"2026-03-06T12:23:18","modified_gmt":"2026-03-06T12:23:18","slug":"leonardo-carafa-primo-1000-ml-cu-tampon-de-racire-l032954","status":"publish","type":"product","link":"https:\/\/mobelland.md\/ru\/product\/leonardo-carafa-primo-1000-ml-cu-tampon-de-racire-l032954\/","title":{"rendered":"Leonardo Carafa PRIMO 1000 ml cu tampon de racire (L032954)"},"content":{"rendered":"<p>O pl\u0103cere de neegalat: arat\u0103-\u021bi stilul cu carafa realizat\u0103 manual cu drag, din seria PRIMO.\u00a0Las\u0103 aceast\u0103 caraf\u0103 liniar\u0103 s\u0103 te duc\u0103 \u00eentr-o lume modern\u0103!\u00a0Cu carafa realizat\u0103 manual de la LEONARDO, ar\u0103\u021bi stil \u0219i \u00ee\u021bi \u00eenfrumuse\u021bezi via\u021ba de zi cu zi cu un sentiment deosebit de frumos: nu doar tr\u0103ie\u0219te momente, ci bucur\u0103-te de ele!\u00a0Cu produse unice, lucrate manual, \u00ee\u021bi po\u021bi face via\u021ba de zi cu zi \u0219i mai frumoas\u0103.\u00a0B\u0103uturile reci sunt servite perfect cu aceast\u0103 caraf\u0103 inteligent\u0103.\u00a0Datorit\u0103 suportului de r\u0103cire practic din recipientul pe picioare, apa \u0219i alte b\u0103uturi \u00ee\u0219i men\u021bin temperatura la un nivel optim.\u00a0Tamponul se pune pur \u0219i simplu \u00een congelator \u0219i se pune congelat \u00een recipientul \u00een picioare.\u00a0Aceast\u0103 carafa poate fi sp\u0103lat vase.\u00a0V\u0103 rug\u0103m s\u0103 sp\u0103la\u021bi tamponul de r\u0103cire doar manual!<\/p>\n<div class=\"ProductDetails__Cell ProductDetails__Cell--heavy\"><em><strong><span class=\"\">Instruc\u021biuni de \u00eengrijire:<\/span><\/strong><\/em>se poate sp\u0103la vase<\/div>\n<div class=\"ProductDetails__Cell ProductDetails__Cell--heavy\"><em><strong>\u0426\u0432\u0435\u0442:<\/strong><\/em>clar<\/div>\n<div class=\"ProductDetails__Cell ProductDetails__Cell--heavy\"><em><strong>Sigur\u0103 pentru alimente:<\/strong><\/em>DA<\/div>\n<div class=\"ProductDetails__Cell ProductDetails__Cell--heavy\"><em><strong>Form\u0103:<\/strong><\/em>drept \u00eenainte<\/div>\n<div class=\"ProductDetails__Cell ProductDetails__Cell--heavy\"><em><strong>Lucrate manual:<\/strong><\/em>da<\/div>\n<div class=\"ProductDetails__Cell ProductDetails__Cell--heavy\"><em><strong>Rezistent la temperatur\u0103 p\u00e2n\u0103 la:<\/strong><\/em>max.\u00a055\u00b0C<\/div>\n<div class=\"ProductDetails__Cell ProductDetails__Cell--heavy\"><em><strong>Serie:<\/strong><\/em>PRIMUL<\/div>\n<div class=\"ProductDetails__Cell ProductDetails__Cell--heavy\"><em><strong>\u0421\u0442\u0438\u043b\u044c:<\/strong><\/em>modern<\/div>\n<div class=\"ProductDetails__Cell ProductDetails__Cell--heavy\"><em><strong>Ad\u00e2ncime:<\/strong><\/em>11,2 cm<\/div>\n<div class=\"ProductDetails__Cell ProductDetails__Cell--heavy\"><em><strong>Diametru:<\/strong><\/em>0,0 cm<\/div>\n<div class=\"ProductDetails__Cell ProductDetails__Cell--heavy\"><em><strong>Diametru (marginea superioar\u0103):<\/strong><\/em>0,0 cm<\/div>\n<div class=\"ProductDetails__Cell ProductDetails__Cell--heavy\"><em><strong>\u00cen\u0103l\u0163ime:<\/strong><\/em>29,0 cm<\/div>\n<div class=\"ProductDetails__Cell ProductDetails__Cell--heavy\"><em><strong>Lung:<\/strong><\/em>10.5<\/div>\n<div class=\"ProductDetails__Cell ProductDetails__Cell--heavy\"><em><strong>Greutate:<\/strong><\/em>0,65 kg<\/div>\n<div class=\"ProductDetails__Cell ProductDetails__Cell--heavy\"><strong><em>Volum p\u00e2n\u0103 la refuz:<\/em><\/strong>1100,0 ml<\/div>\n<div class=\"ProductDetails__Cell ProductDetails__Cell--heavy\"><em><strong>Volum util:<\/strong><\/em>1000,0 ml<\/div>\n<div class=\"ProductDetails__Cell ProductDetails__Cell--heavy\"><em><strong>Larg:<\/strong><\/em>11,2 cm<\/div>\n<div class=\"ProductDetails__Cell ProductDetails__Cell--heavy\"><em><strong>Num\u0103rul de articol:<\/strong><\/em>032954<\/div>","protected":false},"excerpt":{"rendered":"<ul>\n<li class=\"SellingPoints__SellingPoint\">Carafa cu tampon de racire<\/li>\n<li class=\"SellingPoints__SellingPoint\">lucrat manual unic<\/li>\n<li class=\"SellingPoints__SellingPoint\">ideal pentru utilizarea de zi cu zi<\/li>\n<\/ul>","protected":false},"featured_media":20569,"template":"","meta":[],"product_cat":[220,53,99],"product_tag":[],"_links":{"self":[{"href":"https:\/\/mobelland.md\/ru\/wp-json\/wp\/v2\/product\/20567"}],"collection":[{"href":"https:\/\/mobelland.md\/ru\/wp-json\/wp\/v2\/product"}],"about":[{"href":"https:\/\/mobelland.md\/ru\/wp-json\/wp\/v2\/types\/product"}],"wp:featuredmedia":[{"embeddable":true,"href":"https:\/\/mobelland.md\/ru\/wp-json\/wp\/v2\/media\/20569"}],"wp:attachment":[{"href":"https:\/\/mobelland.md\/ru\/wp-json\/wp\/v2\/media?parent=20567"}],"wp:term":[{"taxonomy":"product_cat","embeddable":true,"href":"https:\/\/mobelland.md\/ru\/wp-json\/wp\/v2\/product_cat?post=20567"},{"taxonomy":"product_tag","embeddable":true,"href":"https:\/\/mobelland.md\/ru\/wp-json\/wp\/v2\/product_tag?post=20567"}],"curies":[{"name":"wp","href":"https:\/\/api.w.org\/{rel}","templated":true}]}}