{"id":20500,"date":"2022-07-05T13:13:56","date_gmt":"2022-07-05T13:13:56","guid":{"rendered":"https:\/\/mobelland.md\/?post_type=product&#038;p=20500"},"modified":"2026-01-06T16:41:20","modified_gmt":"2026-01-06T16:41:20","slug":"leonardo-lanterna-brown-d-332320-cm-018693","status":"publish","type":"product","link":"https:\/\/mobelland.md\/ru\/product\/leonardo-lanterna-brown-d-332320-cm-018693\/","title":{"rendered":"LEONARDO Lanterna brown, d. 33*23*20 cm (018693)"},"content":{"rendered":"<p>Acest felinar atr\u0103g\u0103tor din punct de vedere vizual din seria CASOLARE v\u0103 ofer\u0103 o senza\u021bie exclusiv\u0103 de via\u021b\u0103 de un tip aparte.\u00a0Cu forma sa unghiulara, acest felinar subliniaza un stil proaspat si stimulant.\u00a0Vopseaua maro va aduce o gur\u0103 de aer proasp\u0103t \u00een casa ta!\u00a0Armonios, modern \u0219i elegant, LEONARDO v\u0103 inspir\u0103 atunci c\u00e2nd v\u0103 proiecta\u021bi casa &#8211; juca\u021bi-v\u0103 cu creativitatea \u0219i asigura\u021bi-v\u0103 o ambian\u021b\u0103 minunat\u0103 \u0219i individual\u0103.\u00a0Decorat de care sa te indragostesti!\u00a0Pentru to\u021bi cei care pre\u021buiesc calitatea &#8211; comand\u0103 acum \u0219i \u00eenfrumuse\u021beaz\u0103-\u021bi casa cu acest felinar atractiv maro \u00eenchis.<\/p>\n<div class=\"ProductDetails__Cell ProductDetails__Cell--heavy\"><em><strong>\u0426\u0432\u0435\u0442:<\/strong><\/em>braun<\/div>\n<div class=\"ProductDetails__Cell ProductDetails__Cell--heavy\"><em><strong>Form\u0103:<\/strong><\/em>p\u0103trat<\/div>\n<div class=\"ProductDetails__Cell ProductDetails__Cell--heavy\"><em><strong>Serie:<\/strong><\/em>CASOLARE<\/div>\n<div class=\"ProductDetails__Cell ProductDetails__Cell--heavy\"><em><strong>\u0421\u0442\u0438\u043b\u044c:<\/strong><\/em>modern<\/div>\n<div class=\"ProductDetails__Cell ProductDetails__Cell--heavy\"><em><strong>Ad\u00e2ncime:<\/strong><\/em>20,0 cm<\/div>\n<div class=\"ProductDetails__Cell ProductDetails__Cell--heavy\"><em><strong>Diametru:<\/strong><\/em>0,0 cm<\/div>\n<div class=\"ProductDetails__Cell ProductDetails__Cell--heavy\"><em><strong>Diametru (marginea superioar\u0103):<\/strong><\/em>0,0 cm<\/div>\n<div class=\"ProductDetails__Cell ProductDetails__Cell--heavy\"><em><strong>\u00cen\u0103l\u0163ime:<\/strong><\/em>33,4 cm<\/div>\n<div class=\"ProductDetails__Cell ProductDetails__Cell--heavy\"><em><strong>Lung:<\/strong><\/em>20<\/div>\n<div class=\"ProductDetails__Cell ProductDetails__Cell--heavy\"><em><strong>Greutate:<\/strong><\/em>1,535\u00a0 kg<\/div>\n<div class=\"ProductDetails__Cell ProductDetails__Cell--heavy\"><em><strong>Larg:<\/strong><\/em>23,0 \u0441\u043c<\/div>\n<div class=\"ProductDetails__Cell ProductDetails__Cell--heavy\"><em><strong>Num\u0103rul de articol:<\/strong><\/em>018693<\/div>","protected":false},"excerpt":{"rendered":"<ul>\n<li class=\"SellingPoints__SellingPoint\">Felinar<\/li>\n<li class=\"SellingPoints__SellingPoint\">vopsit maro \u00eenchis<\/li>\n<li class=\"SellingPoints__SellingPoint\">aus der CASOLARE Series<\/li>\n<\/ul>","protected":false},"featured_media":20501,"template":"","meta":[],"product_cat":[240,54,333,220],"product_tag":[],"_links":{"self":[{"href":"https:\/\/mobelland.md\/ru\/wp-json\/wp\/v2\/product\/20500"}],"collection":[{"href":"https:\/\/mobelland.md\/ru\/wp-json\/wp\/v2\/product"}],"about":[{"href":"https:\/\/mobelland.md\/ru\/wp-json\/wp\/v2\/types\/product"}],"wp:featuredmedia":[{"embeddable":true,"href":"https:\/\/mobelland.md\/ru\/wp-json\/wp\/v2\/media\/20501"}],"wp:attachment":[{"href":"https:\/\/mobelland.md\/ru\/wp-json\/wp\/v2\/media?parent=20500"}],"wp:term":[{"taxonomy":"product_cat","embeddable":true,"href":"https:\/\/mobelland.md\/ru\/wp-json\/wp\/v2\/product_cat?post=20500"},{"taxonomy":"product_tag","embeddable":true,"href":"https:\/\/mobelland.md\/ru\/wp-json\/wp\/v2\/product_tag?post=20500"}],"curies":[{"name":"wp","href":"https:\/\/api.w.org\/{rel}","templated":true}]}}