{"id":20484,"date":"2022-07-05T12:13:43","date_gmt":"2022-07-05T12:13:43","guid":{"rendered":"https:\/\/mobelland.md\/?post_type=product&#038;p=20484"},"modified":"2026-02-25T11:03:19","modified_gmt":"2026-02-25T11:03:19","slug":"leonardo-bowl-novara-d-224-cm-l018631","status":"publish","type":"product","link":"https:\/\/mobelland.md\/ru\/product\/leonardo-bowl-novara-d-224-cm-l018631\/","title":{"rendered":"Leonardo Bowl Novara d. 22,4 cm (L018631)"},"content":{"rendered":"<p><span class=\"\">O mare atragere a ochiului: pune\u021bi accente grozave cu bolul din seria Novara.\u00a0<\/span>Acest bol liniar este absolut obligatoriu \u0219i impresioneaz\u0103 prin frumosul s\u0103u finisaj satinat.\u00a0Inspira\u021bi-v\u0103 de un design modern \u0219i senzual &#8211; cu LEONARDO.\u00a0Decorarea poate fi at\u00e2t de u\u0219oar\u0103!\u00a0Cel mai bine este s\u0103 nu mai ezita\u021bi!\u00a0Cump\u0103ra\u021bi ast\u0103zi \u0219i pune\u021bi noi accente \u00een casa dvs.: cu carcasa satinat\u0103.\u00a0De asemenea, o alegere excelent\u0103 ca cadou!<\/p>\n<div class=\"ProductDetails__Cell ProductDetails__Cell--heavy\"><em><strong>Instruc\u021biuni de \u00eengrijire:<\/strong><\/em>se poate sp\u0103la in masina de vase<\/div>\n<div class=\"ProductDetails__Cell ProductDetails__Cell--heavy\"><strong><em>\u0426\u0432\u0435\u0442:<\/em><\/strong> finisaj satinat<\/div>\n<div class=\"ProductDetails__Cell ProductDetails__Cell--heavy\"><em><strong>Tehnica de colorare:<\/strong><\/em>pictat<\/div>\n<div class=\"ProductDetails__Cell ProductDetails__Cell--heavy\"><em><strong>Sigur\u0103 pentru alimente:<\/strong><\/em>da<\/div>\n<div class=\"ProductDetails__Cell ProductDetails__Cell--heavy\"><em><strong>Serie: <\/strong><\/em>NOVARA<\/div>\n<div class=\"ProductDetails__Cell ProductDetails__Cell--heavy\"><em><strong>Ad\u00e2ncime:<\/strong><\/em>22,4 cm<\/div>\n<div class=\"ProductDetails__Cell ProductDetails__Cell--heavy\"><em><strong>Diametru:<\/strong><\/em>22,4 cm<\/div>\n<div class=\"ProductDetails__Cell ProductDetails__Cell--heavy\"><em><strong>Diametru (marginea superioar\u0103):<\/strong><\/em>0,0 cm<\/div>\n<div class=\"ProductDetails__Cell ProductDetails__Cell--heavy\"><em><strong>\u00cen\u0103l\u0163ime:<\/strong><\/em>7,0 \u0441\u043c<\/div>\n<div class=\"ProductDetails__Cell ProductDetails__Cell--heavy\"><em><strong>Lung:<\/strong><\/em>22,4 cm<\/div>\n<div class=\"ProductDetails__Cell ProductDetails__Cell--heavy\"><em><strong>Greutate:<\/strong><\/em>1,4 kg<\/div>\n<div class=\"ProductDetails__Cell ProductDetails__Cell--heavy\"><em><strong>Larg:<\/strong><\/em>22,4 cm<\/div>\n<div class=\"ProductDetails__Cell ProductDetails__Cell--heavy\"><em><strong>Num\u0103rul de articol:<\/strong><\/em>018631<\/div>","protected":false},"excerpt":{"rendered":"<ul>\n<li class=\"SellingPoints__SellingPoint\">Pieli\u021b\u0103<\/li>\n<li class=\"SellingPoints__SellingPoint\">sigur\u0103 pentru alimente<\/li>\n<li class=\"SellingPoints__SellingPoint\">cu finisaj satinat<\/li>\n<\/ul>","protected":false},"featured_media":20485,"template":"","meta":[],"product_cat":[240,54,220,98],"product_tag":[],"_links":{"self":[{"href":"https:\/\/mobelland.md\/ru\/wp-json\/wp\/v2\/product\/20484"}],"collection":[{"href":"https:\/\/mobelland.md\/ru\/wp-json\/wp\/v2\/product"}],"about":[{"href":"https:\/\/mobelland.md\/ru\/wp-json\/wp\/v2\/types\/product"}],"wp:featuredmedia":[{"embeddable":true,"href":"https:\/\/mobelland.md\/ru\/wp-json\/wp\/v2\/media\/20485"}],"wp:attachment":[{"href":"https:\/\/mobelland.md\/ru\/wp-json\/wp\/v2\/media?parent=20484"}],"wp:term":[{"taxonomy":"product_cat","embeddable":true,"href":"https:\/\/mobelland.md\/ru\/wp-json\/wp\/v2\/product_cat?post=20484"},{"taxonomy":"product_tag","embeddable":true,"href":"https:\/\/mobelland.md\/ru\/wp-json\/wp\/v2\/product_tag?post=20484"}],"curies":[{"name":"wp","href":"https:\/\/api.w.org\/{rel}","templated":true}]}}