{"id":20454,"date":"2022-06-22T15:22:00","date_gmt":"2022-06-22T15:22:00","guid":{"rendered":"https:\/\/mobelland.md\/?post_type=product&#038;p=20454"},"modified":"2026-01-06T16:40:49","modified_gmt":"2026-01-06T16:40:49","slug":"leonardo-vasa-40-blue-poesia-018675","status":"publish","type":"product","link":"https:\/\/mobelland.md\/ru\/product\/leonardo-vasa-40-blue-poesia-018675\/","title":{"rendered":"LEONARDO vasa 40 blue Poesia (018675)"},"content":{"rendered":"<p>Vaza de mas\u0103 realizat\u0103 manual din seria Poesia transmite o ambian\u021b\u0103 de vis. Fii creativ \u0219i decoreaz\u0103-\u021bi casa complet conform dorin\u021belor tale! Aceast\u0103 vaz\u0103 de mas\u0103 bulboas\u0103 este absolut obligatoriu \u0219i impresioneaz\u0103 prin culoarea sa albastra atractiv\u0103. Cu piesa special\u0103 unic\u0103 realizat\u0103 manual de la LEONARDO \u00ee\u021bi ar\u0103\u021bi sentimentul pentru lucrurile frumoase. Fiecare vaz\u0103 de mas\u0103 realizat\u0103 manual este unic\u0103! Armonios, modern \u0219i elegant, LEONARDO v\u0103 inspir\u0103 atunci c\u00e2nd v\u0103 proiecta\u021bi casa \u2013 juca\u021bi-v\u0103 cu creativitatea \u0219i asigura\u021bi-v\u0103 o ambian\u021b\u0103 minunat\u0103 \u0219i individual\u0103. Decorat de care sa te indragostesti! Nu ezita\u021bi \u2013 cel mai bine este s\u0103 comanda\u021bi direct. <span class=\"\">Ob\u021bine\u021bi o atrac\u021bie grozav\u0103 pentru casa dvs. cu frumoasa vaz\u0103 de mas\u0103 gri de la LEONARDO!<\/span><\/p>\n<div class=\"ProductDetails__Cell ProductDetails__Cell--heavy\"><strong><em>\u0426\u0432\u0435\u0442:<\/em><\/strong> albastra<\/div>\n<div class=\"ProductDetails__Cell ProductDetails__Cell--heavy\"><em><strong>Lucrate manual:<\/strong><\/em>\u00a0da<\/div>\n<div class=\"ProductDetails__Cell ProductDetails__Cell--heavy\"><em><strong>Serie:<\/strong><\/em>\u00a0POEZIE<\/div>\n<div class=\"ProductDetails__Cell ProductDetails__Cell--heavy\"><em><strong>\u0421\u0442\u0438\u043b\u044c:<\/strong><\/em>\u00a0elegant<\/div>\n<div class=\"ProductDetails__Cell ProductDetails__Cell--heavy\"><em><strong>Ad\u00e2ncime:<\/strong><\/em> 17,0 \u0441\u043c<\/div>\n<div class=\"ProductDetails__Cell ProductDetails__Cell--heavy\"><strong><em>Diametru: <\/em><\/strong>17,0 \u0441\u043c<\/div>\n<div class=\"ProductDetails__Cell ProductDetails__Cell--heavy\"><em><strong>\u00cen\u0103l\u0163ime:<\/strong><\/em> 40 cm<\/div>\n<div class=\"ProductDetails__Cell ProductDetails__Cell--heavy\"><em><strong>Greutate:<\/strong><\/em> 1.924 kg<\/div>\n<div class=\"ProductDetails__Cell ProductDetails__Cell--heavy\"><strong><em>\u041a\u043e\u0434:\u00a0<\/em>018675<\/strong><\/div>","protected":false},"excerpt":{"rendered":"<ul>\n<li class=\"SellingPoints__SellingPoint\"><span class=\"\">Vaz\u0103<\/span><\/li>\n<li class=\"SellingPoints__SellingPoint\">lucrat manual unic<\/li>\n<li class=\"SellingPoints__SellingPoint\">din seria Poesia<\/li>\n<li class=\"SellingPoints__SellingPoint SellingPoints__SellingPoint--toggle-display\">\u00een stil elegant<\/li>\n<li class=\"SellingPoints__SellingPoint SellingPoints__SellingPoint--toggle-display\">1.924 kg<\/li>\n<li class=\"SellingPoints__SellingPoint SellingPoints__SellingPoint--toggle-display\">\u00een diferite dimensiuni \u0219i<\/li>\n<li class=\"SellingPoints__SellingPoint SellingPoints__SellingPoint--toggle-display\">Dimensiune: 40 x 17 x 17 cm (HxLxT)<\/li>\n<li class=\"SellingPoints__SellingPoint SellingPoints__SellingPoint--toggle-display\">\u0414\u0438\u0430\u043c\u0435\u0442\u0440: 17 \u0441\u043c<\/li>\n<\/ul>","protected":false},"featured_media":20464,"template":"","meta":[],"product_cat":[240,54,220,98],"product_tag":[],"_links":{"self":[{"href":"https:\/\/mobelland.md\/ru\/wp-json\/wp\/v2\/product\/20454"}],"collection":[{"href":"https:\/\/mobelland.md\/ru\/wp-json\/wp\/v2\/product"}],"about":[{"href":"https:\/\/mobelland.md\/ru\/wp-json\/wp\/v2\/types\/product"}],"wp:featuredmedia":[{"embeddable":true,"href":"https:\/\/mobelland.md\/ru\/wp-json\/wp\/v2\/media\/20464"}],"wp:attachment":[{"href":"https:\/\/mobelland.md\/ru\/wp-json\/wp\/v2\/media?parent=20454"}],"wp:term":[{"taxonomy":"product_cat","embeddable":true,"href":"https:\/\/mobelland.md\/ru\/wp-json\/wp\/v2\/product_cat?post=20454"},{"taxonomy":"product_tag","embeddable":true,"href":"https:\/\/mobelland.md\/ru\/wp-json\/wp\/v2\/product_tag?post=20454"}],"curies":[{"name":"wp","href":"https:\/\/api.w.org\/{rel}","templated":true}]}}