{"id":20445,"date":"2022-06-22T11:29:19","date_gmt":"2022-06-22T11:29:19","guid":{"rendered":"https:\/\/mobelland.md\/?post_type=product&#038;p=20445"},"modified":"2026-01-06T16:41:48","modified_gmt":"2026-01-06T16:41:48","slug":"leonardo-vasa-11-viola-poesia-018670","status":"publish","type":"product","link":"https:\/\/mobelland.md\/ru\/product\/leonardo-vasa-11-viola-poesia-018670\/","title":{"rendered":"LEONARDO vasa 11 viola Poesia (018670)"},"content":{"rendered":"<p>Vaza de mas\u0103 realizat\u0103 manual din seria Poesia transmite o ambian\u021b\u0103 de vis. Fii creativ \u0219i decoreaz\u0103-\u021bi casa complet conform dorin\u021belor tale! Aceast\u0103 vaz\u0103 de mas\u0103 bulboas\u0103 este absolut obligatoriu \u0219i impresioneaz\u0103 prin culoarea sa violet atractiv\u0103. Cu piesa special\u0103 unic\u0103 realizat\u0103 manual de la LEONARDO \u00ee\u021bi ar\u0103\u021bi sentimentul pentru lucrurile frumoase. Fiecare vaz\u0103 de mas\u0103 realizat\u0103 manual este unic\u0103! Armonios, modern \u0219i elegant, LEONARDO v\u0103 inspir\u0103 atunci c\u00e2nd v\u0103 proiecta\u021bi casa \u2013 juca\u021bi-v\u0103 cu creativitatea \u0219i asigura\u021bi-v\u0103 o ambian\u021b\u0103 minunat\u0103 \u0219i individual\u0103. Decorat de care sa te indragostesti! Nu ezita\u021bi \u2013 cel mai bine este s\u0103 comanda\u021bi direct. <span class=\"\">Ob\u021bine\u021bi o atrac\u021bie grozav\u0103 pentru casa dvs. cu frumoasa vaz\u0103 de mas\u0103 gri de la LEONARDO!<\/span><\/p>\n<div class=\"ProductDetails__Cell ProductDetails__Cell--heavy\"><strong><em>\u0426\u0432\u0435\u0442:<\/em><\/strong> violet<\/div>\n<div class=\"ProductDetails__Cell ProductDetails__Cell--heavy\"><em><strong>Lucrate manual:<\/strong><\/em>\u00a0da<\/div>\n<div class=\"ProductDetails__Cell ProductDetails__Cell--heavy\"><em><strong>Serie:<\/strong><\/em>\u00a0POEZIE<\/div>\n<div class=\"ProductDetails__Cell ProductDetails__Cell--heavy\"><em><strong>\u0421\u0442\u0438\u043b\u044c:<\/strong><\/em>\u00a0elegant<\/div>\n<div class=\"ProductDetails__Cell ProductDetails__Cell--heavy\"><em><strong>Ad\u00e2ncime:<\/strong><\/em>\u00a010,0 cm<\/div>\n<div class=\"ProductDetails__Cell ProductDetails__Cell--heavy\"><em><strong>Diametru (picioare):<\/strong><\/em>\u00a05,0 \u0441\u043c<\/div>\n<div class=\"ProductDetails__Cell ProductDetails__Cell--heavy\"><strong><em>Diametru:<\/em>\u00a0<\/strong>10,0 cm<\/div>\n<div class=\"ProductDetails__Cell ProductDetails__Cell--heavy\"><em><strong>Diametru (marginea superioar\u0103):<\/strong><\/em>\u00a06,0 \u0441\u043c<\/div>\n<div class=\"ProductDetails__Cell ProductDetails__Cell--heavy\"><em><strong>\u00cen\u0103l\u0163ime:<\/strong><\/em>\u00a011,0 cm<\/div>\n<div class=\"ProductDetails__Cell ProductDetails__Cell--heavy\"><em><strong>Greutate:<\/strong><\/em>\u00a00,35 kg<\/div>\n<div class=\"ProductDetails__Cell ProductDetails__Cell--heavy\"><em><strong>Volum:\u00a0<\/strong><\/em>435,0 ml<\/div>\n<div class=\"ProductDetails__Cell ProductDetails__Cell--heavy\"><strong><em>\u041a\u043e\u0434:\u00a0<\/em>018670<\/strong><\/div>","protected":false},"excerpt":{"rendered":"<ul>\n<li class=\"SellingPoints__SellingPoint\">Vaza<\/li>\n<li class=\"SellingPoints__SellingPoint\">Lucrat manual<\/li>\n<li class=\"SellingPoints__SellingPoint\">Seria Poesia<\/li>\n<li class=\"SellingPoints__SellingPoint SellingPoints__SellingPoint--toggle-display\">\u00cen stil elegant<\/li>\n<li class=\"SellingPoints__SellingPoint SellingPoints__SellingPoint--toggle-display\">Greutatea: 267 g<\/li>\n<li class=\"SellingPoints__SellingPoint SellingPoints__SellingPoint--toggle-display\">Dimensiune: 11 x 10 x 10 cm (HxLxT)<\/li>\n<li class=\"SellingPoints__SellingPoint SellingPoints__SellingPoint--toggle-display\">\u0414\u0438\u0430\u043c\u0435\u0442\u0440: 10 \u0441\u043c<\/li>\n<\/ul>","protected":false},"featured_media":20446,"template":"","meta":[],"product_cat":[240,54,220,98],"product_tag":[],"_links":{"self":[{"href":"https:\/\/mobelland.md\/ru\/wp-json\/wp\/v2\/product\/20445"}],"collection":[{"href":"https:\/\/mobelland.md\/ru\/wp-json\/wp\/v2\/product"}],"about":[{"href":"https:\/\/mobelland.md\/ru\/wp-json\/wp\/v2\/types\/product"}],"wp:featuredmedia":[{"embeddable":true,"href":"https:\/\/mobelland.md\/ru\/wp-json\/wp\/v2\/media\/20446"}],"wp:attachment":[{"href":"https:\/\/mobelland.md\/ru\/wp-json\/wp\/v2\/media?parent=20445"}],"wp:term":[{"taxonomy":"product_cat","embeddable":true,"href":"https:\/\/mobelland.md\/ru\/wp-json\/wp\/v2\/product_cat?post=20445"},{"taxonomy":"product_tag","embeddable":true,"href":"https:\/\/mobelland.md\/ru\/wp-json\/wp\/v2\/product_tag?post=20445"}],"curies":[{"name":"wp","href":"https:\/\/api.w.org\/{rel}","templated":true}]}}