{"id":19397,"date":"2022-05-17T13:51:55","date_gmt":"2022-05-17T13:51:55","guid":{"rendered":"https:\/\/mobelland.md\/?post_type=product&#038;p=19397"},"modified":"2025-12-12T08:18:59","modified_gmt":"2025-12-12T08:18:59","slug":"leonardo-platou-cake-spirit-33-cm-l095590","status":"publish","type":"product","link":"https:\/\/mobelland.md\/ru\/product\/leonardo-platou-cake-spirit-33-cm-l095590\/","title":{"rendered":"LEONARDO Platou Cake Spirit 33 cm (L095590)"},"content":{"rendered":"<p>Proiecteaz\u0103-\u021bi masa de sufragerie dup\u0103 propriul gust: Cu blatul realizat manual din seria SPIRIT, po\u021bi s\u0103 dai accente frumoase \u0219i s\u0103 impresionezi prin farmecul lor.\u00a0Las\u0103 acest platou rotund s\u0103 te duc\u0103 \u00eentr-o lume modern\u0103!\u00a0Cu farfuria lucrat\u0103 manual de la LEONARDO, ar\u0103\u021bi stil \u0219i \u00ee\u021bi \u00eenfrumuse\u021bezi via\u021ba de zi cu zi cu un sentiment special pentru frumos: nu doar tr\u0103ie\u0219te momente, ci bucur\u0103-te de ele!\u00a0Cu produse unice, lucrate manual, \u00ee\u021bi po\u021bi decora \u0219i mai frumos via\u021ba de zi cu zi.\u00a0R\u0103sf\u0103\u021ba\u021bi-v\u0103 cu lucruri frumoase \u00een via\u021ba de zi cu zi &#8211; cu LEONARDO.\u00a0Nu ar trebui s\u0103 mai ezita\u021bi!\u00a0Te po\u021bi b<\/p>\n<div class=\"ProductDetails__Cell ProductDetails__Cell--heavy\">Instruc\u021biuni de \u00eengrijire:spalat pe maini<\/div>\n<div class=\"ProductDetails__Cell ProductDetails__Cell--heavy\">Se poate g\u0103ti cu microunde<\/div>\n<div class=\"ProductDetails__Cell ProductDetails__Cell--heavy\">Serie:SPIRIT<\/div>\n<div class=\"ProductDetails__Cell ProductDetails__Cell--heavy\">Stil:modern<\/div>\n<div class=\"ProductDetails__Cell ProductDetails__Cell--heavy\">Ad\u00e2ncime:34,5 cm<\/div>\n<div class=\"ProductDetails__Cell ProductDetails__Cell--heavy\">\u00cen\u0103l\u0163ime:3,5 cm<\/div>\n<div class=\"ProductDetails__Cell ProductDetails__Cell--heavy\">Lung:33<\/div>\n<div class=\"ProductDetails__Cell ProductDetails__Cell--heavy\">Greutate:1,0 kg<\/div>\n<div class=\"ProductDetails__Cell ProductDetails__Cell--heavy\">Larg:34,5 cm<\/div>\n<div class=\"ProductDetails__Cell ProductDetails__Cell--heavy\">Num\u0103rul de articol:095590<\/div>\n<p>&nbsp;<\/p>","protected":false},"excerpt":{"rendered":"<ul>\n<li class=\"SellingPoints__SellingPoint\">farfurie de tort<\/li>\n<li class=\"SellingPoints__SellingPoint\">lucrat manual unic<\/li>\n<li class=\"SellingPoints__SellingPoint\">sigur\u0103 pentru alimente<\/li>\n<\/ul>","protected":false},"featured_media":19398,"template":"","meta":[],"product_cat":[95,220,239,53],"product_tag":[],"_links":{"self":[{"href":"https:\/\/mobelland.md\/ru\/wp-json\/wp\/v2\/product\/19397"}],"collection":[{"href":"https:\/\/mobelland.md\/ru\/wp-json\/wp\/v2\/product"}],"about":[{"href":"https:\/\/mobelland.md\/ru\/wp-json\/wp\/v2\/types\/product"}],"wp:featuredmedia":[{"embeddable":true,"href":"https:\/\/mobelland.md\/ru\/wp-json\/wp\/v2\/media\/19398"}],"wp:attachment":[{"href":"https:\/\/mobelland.md\/ru\/wp-json\/wp\/v2\/media?parent=19397"}],"wp:term":[{"taxonomy":"product_cat","embeddable":true,"href":"https:\/\/mobelland.md\/ru\/wp-json\/wp\/v2\/product_cat?post=19397"},{"taxonomy":"product_tag","embeddable":true,"href":"https:\/\/mobelland.md\/ru\/wp-json\/wp\/v2\/product_tag?post=19397"}],"curies":[{"name":"wp","href":"https:\/\/api.w.org\/{rel}","templated":true}]}}