{"id":19318,"date":"2022-05-17T12:16:01","date_gmt":"2022-05-17T12:16:01","guid":{"rendered":"https:\/\/mobelland.md\/?post_type=product&#038;p=19318"},"modified":"2026-04-16T20:07:56","modified_gmt":"2026-04-16T20:07:56","slug":"leonardo-platou-casolare-21-cm-rose-l049797","status":"publish","type":"product","link":"https:\/\/mobelland.md\/ru\/product\/leonardo-platou-casolare-21-cm-rose-l049797\/","title":{"rendered":"Leonardo Platou CASOLARE rose, 21 cm (L049797)"},"content":{"rendered":"<p>Evoca\u021bi o adev\u0103rat\u0103 atragere a ochiului pe masa dvs. de sufragerie cu aceast\u0103 farfurie proiectat\u0103 cu dragoste!\u00a0Cu forma sa moderna, aceasta farfurie subliniaza un stil minunat si stimulant.\u00a0A fost realizat din sticla filata &#8211; si convinge printr-un aspect lucrat manual.\u00a0R\u0103sf\u0103\u021ba\u021bi-v\u0103 cu lucruri frumoase \u00een via\u021ba de zi cu zi &#8211; cu LEONARDO.\u00a0Placa practic\u0103 CASOLARE poate fi stivuit\u0103 \u0219i, prin urmare, este ideal\u0103 pentru utilizarea de zi cu zi.\u00a0De ce s\u0103 mai ezita\u021bi?\u00a0Nu a\u0219tepta mult, comand\u0103!\u00a0Profit\u0103 de aceast\u0103 farfurie practic\u0103 de culoare trandafir.\u00a0O idee de cadou frumoasa!<\/p>\n<div class=\"ProductDetails__Cell ProductDetails__Cell--heavy\"><strong><em>Instruc\u021biuni de \u00eengrijire: <\/em><\/strong>spalat pe maini<\/div>\n<div class=\"ProductDetails__Cell ProductDetails__Cell--heavy\"><em><strong>\u0426\u0432\u0435\u0442: <\/strong><\/em>Trandafir<\/div>\n<div class=\"ProductDetails__Cell ProductDetails__Cell--heavy\"><strong><em>Tehnica de colorare: <\/em><\/strong>pictat<\/div>\n<div class=\"ProductDetails__Cell ProductDetails__Cell--heavy\"><em><strong>Sigur\u0103 pentru alimente: <\/strong><\/em>DA<\/div>\n<div class=\"ProductDetails__Cell ProductDetails__Cell--heavy\"><em><strong>Serie: <\/strong><\/em>CASOLARE<\/div>\n<div class=\"ProductDetails__Cell ProductDetails__Cell--heavy\"><em><strong>Stivuibil: <\/strong><\/em>DA<\/div>\n<div class=\"ProductDetails__Cell ProductDetails__Cell--heavy\"><em><strong>\u0421\u0442\u0438\u043b\u044c: <\/strong><\/em>modern<\/div>\n<div class=\"ProductDetails__Cell ProductDetails__Cell--heavy\"><em><strong>Tehnologie: <\/strong><\/em>aruncat<\/div>\n<div class=\"ProductDetails__Cell ProductDetails__Cell--heavy\"><em><strong>Ad\u00e2ncime: <\/strong><\/em>21,0 cm<\/div>\n<div class=\"ProductDetails__Cell ProductDetails__Cell--heavy\"><strong><em>Diametru: <\/em><\/strong>21,0 cm<\/div>\n<div class=\"ProductDetails__Cell ProductDetails__Cell--heavy\"><strong><em>Diametru (marginea superioar\u0103): <\/em><\/strong>0,0 cm<\/div>\n<div class=\"ProductDetails__Cell ProductDetails__Cell--heavy\"><em><strong>\u00cen\u0103l\u0163ime: <\/strong><\/em>2,4 cm<\/div>\n<div class=\"ProductDetails__Cell ProductDetails__Cell--heavy\"><strong><em>Greutate: <\/em><\/strong>0,44 kg<\/div>\n<div class=\"ProductDetails__Cell ProductDetails__Cell--heavy\"><strong><em>Larg: <\/em><\/strong>21,0 cm<\/div>\n<div class=\"ProductDetails__Cell ProductDetails__Cell--heavy\"><em><strong>Num\u0103rul de articol: <\/strong><\/em>049797<\/div>","protected":false},"excerpt":{"rendered":"<ul>\n<li class=\"SellingPoints__SellingPoint\">Povestitor<\/li>\n<li class=\"SellingPoints__SellingPoint\">practic deoarece poate fi stivuit<\/li>\n<li class=\"SellingPoints__SellingPoint\">sigur\u0103 pentru alimente<\/li>\n<\/ul>","protected":false},"featured_media":19319,"template":"","meta":[],"product_cat":[95,220,239,53],"product_tag":[],"_links":{"self":[{"href":"https:\/\/mobelland.md\/ru\/wp-json\/wp\/v2\/product\/19318"}],"collection":[{"href":"https:\/\/mobelland.md\/ru\/wp-json\/wp\/v2\/product"}],"about":[{"href":"https:\/\/mobelland.md\/ru\/wp-json\/wp\/v2\/types\/product"}],"wp:featuredmedia":[{"embeddable":true,"href":"https:\/\/mobelland.md\/ru\/wp-json\/wp\/v2\/media\/19319"}],"wp:attachment":[{"href":"https:\/\/mobelland.md\/ru\/wp-json\/wp\/v2\/media?parent=19318"}],"wp:term":[{"taxonomy":"product_cat","embeddable":true,"href":"https:\/\/mobelland.md\/ru\/wp-json\/wp\/v2\/product_cat?post=19318"},{"taxonomy":"product_tag","embeddable":true,"href":"https:\/\/mobelland.md\/ru\/wp-json\/wp\/v2\/product_tag?post=19318"}],"curies":[{"name":"wp","href":"https:\/\/api.w.org\/{rel}","templated":true}]}}