{"id":19224,"date":"2022-05-17T09:03:43","date_gmt":"2022-05-17T09:03:43","guid":{"rendered":"https:\/\/mobelland.md\/?post_type=product&#038;p=19224"},"modified":"2025-12-17T12:15:36","modified_gmt":"2025-12-17T12:15:36","slug":"leonardo-despenser-wood-l029458","status":"publish","type":"product","link":"https:\/\/mobelland.md\/ru\/product\/leonardo-despenser-wood-l029458\/","title":{"rendered":"Leonardo Despenser wood (L029458)"},"content":{"rendered":"<p>Crea\u021bi momente grozave de pl\u0103cere &#8211; cu baza dozatoarelor de b\u0103uturi proiectat\u0103 cu dragoste din seria SUCCO.\u00a0Acest accesoriu rotund pentru b\u0103uturi r\u0103coritoare este absolut obligatoriu \u0219i impresioneaz\u0103 prin frumoasa sa culoare bej.\u00a0Accesoriul de vis pentru b\u0103uturi r\u0103coritoare din lemn este o adev\u0103rat\u0103 atragere a ochiului!\u00a0Cu un sentiment bun pentru frumuse\u021be, LEONARDO aduce \u0219i mai mult\u0103 varietate \u00een via\u021ba ta de zi cu zi.\u00a0De ce s\u0103 a\u0219tep\u021bi at\u00e2t de mult?\u00a0Nu a\u0219tepta mult, comand\u0103 repede!\u00a0Profit\u0103 de aceast\u0103 baz\u0103 practic\u0103 bej pentru dozator de b\u0103uturi.<\/p>\n<div class=\"ProductDetails__Cell ProductDetails__Cell--heavy\"><em><strong>\u0426\u0432\u0435\u0442: <\/strong><\/em>bej<\/div>\n<div class=\"ProductDetails__Cell ProductDetails__Cell--heavy\"><em><strong>Form\u0103: <\/strong><\/em>\u00een jurul<\/div>\n<div class=\"ProductDetails__Cell ProductDetails__Cell--heavy\"><em><strong>Serie:<\/strong><\/em>SUC<\/div>\n<div class=\"ProductDetails__Cell ProductDetails__Cell--heavy\"><em><strong>\u0421\u0442\u0438\u043b\u044c:<\/strong><\/em>de baz\u0103<\/div>\n<div class=\"ProductDetails__Cell ProductDetails__Cell--heavy\"><em><strong>Ad\u00e2ncime:<\/strong><\/em>22,0 cm<\/div>\n<div class=\"ProductDetails__Cell ProductDetails__Cell--heavy\"><em><strong>Diametru:<\/strong><\/em>19,5 \u0441\u043c<\/div>\n<div class=\"ProductDetails__Cell ProductDetails__Cell--heavy\"><strong><em>Diametru (marginea superioar\u0103):<\/em><\/strong>0,0 cm<\/div>\n<div class=\"ProductDetails__Cell ProductDetails__Cell--heavy\"><em><strong>\u00cen\u0103l\u0163ime:<\/strong><\/em>12,0 \u0441\u043c<\/div>\n<div class=\"ProductDetails__Cell ProductDetails__Cell--heavy\"><em><strong>Lung:<\/strong><\/em>22<\/div>\n<div class=\"ProductDetails__Cell ProductDetails__Cell--heavy\"><strong><em>Greutate:<\/em><\/strong>0,0 kg<\/div>\n<div class=\"ProductDetails__Cell ProductDetails__Cell--heavy\"><em><strong>Larg:<\/strong><\/em>22,0 cm<\/div>\n<div class=\"ProductDetails__Cell ProductDetails__Cell--heavy\"><em><strong>Num\u0103rul de articol:<\/strong><\/em>029458<\/div>","protected":false},"excerpt":{"rendered":"<ul>\n<li class=\"SellingPoints__SellingPoint\">Baza distribuitorului de b\u0103uturi<\/li>\n<li class=\"SellingPoints__SellingPoint\">de lemn<\/li>\n<li class=\"SellingPoints__SellingPoint\">din seria SUCCO<\/li>\n<\/ul>","protected":false},"featured_media":19225,"template":"","meta":[],"product_cat":[240,342,220,239,53],"product_tag":[],"_links":{"self":[{"href":"https:\/\/mobelland.md\/ru\/wp-json\/wp\/v2\/product\/19224"}],"collection":[{"href":"https:\/\/mobelland.md\/ru\/wp-json\/wp\/v2\/product"}],"about":[{"href":"https:\/\/mobelland.md\/ru\/wp-json\/wp\/v2\/types\/product"}],"wp:featuredmedia":[{"embeddable":true,"href":"https:\/\/mobelland.md\/ru\/wp-json\/wp\/v2\/media\/19225"}],"wp:attachment":[{"href":"https:\/\/mobelland.md\/ru\/wp-json\/wp\/v2\/media?parent=19224"}],"wp:term":[{"taxonomy":"product_cat","embeddable":true,"href":"https:\/\/mobelland.md\/ru\/wp-json\/wp\/v2\/product_cat?post=19224"},{"taxonomy":"product_tag","embeddable":true,"href":"https:\/\/mobelland.md\/ru\/wp-json\/wp\/v2\/product_tag?post=19224"}],"curies":[{"name":"wp","href":"https:\/\/api.w.org\/{rel}","templated":true}]}}