{"id":18137,"date":"2022-04-19T10:41:33","date_gmt":"2022-04-19T10:41:33","guid":{"rendered":"https:\/\/mobelland.md\/?post_type=product&#038;p=18137"},"modified":"2025-12-10T11:01:55","modified_gmt":"2025-12-10T11:01:55","slug":"masa-de-cafea-calima-schuller-820318","status":"publish","type":"product","link":"https:\/\/mobelland.md\/ru\/product\/masa-de-cafea-calima-schuller-820318\/","title":{"rendered":"\u041a\u043e\u0444\u0435\u0439\u043d\u044b\u0439 \u0441\u0442\u043e\u043b\u0438\u043a  Calima SCHULLER (820318)"},"content":{"rendered":"","protected":false},"excerpt":{"rendered":"<p>Mas\u0103 de cafea dreptunghiular\u0103 din stcl\u0103 c\u0103lit\u0103 transparent\u0103 \u0219i picior din o\u021bel inoxidabil, dimensiunea mesei 130x70x38,5 cm.<\/p>","protected":false},"featured_media":18139,"template":"","meta":[],"product_cat":[50,392,78,220],"product_tag":[],"_links":{"self":[{"href":"https:\/\/mobelland.md\/ru\/wp-json\/wp\/v2\/product\/18137"}],"collection":[{"href":"https:\/\/mobelland.md\/ru\/wp-json\/wp\/v2\/product"}],"about":[{"href":"https:\/\/mobelland.md\/ru\/wp-json\/wp\/v2\/types\/product"}],"wp:featuredmedia":[{"embeddable":true,"href":"https:\/\/mobelland.md\/ru\/wp-json\/wp\/v2\/media\/18139"}],"wp:attachment":[{"href":"https:\/\/mobelland.md\/ru\/wp-json\/wp\/v2\/media?parent=18137"}],"wp:term":[{"taxonomy":"product_cat","embeddable":true,"href":"https:\/\/mobelland.md\/ru\/wp-json\/wp\/v2\/product_cat?post=18137"},{"taxonomy":"product_tag","embeddable":true,"href":"https:\/\/mobelland.md\/ru\/wp-json\/wp\/v2\/product_tag?post=18137"}],"curies":[{"name":"wp","href":"https:\/\/api.w.org\/{rel}","templated":true}]}}