{"id":17041,"date":"2021-12-22T16:03:06","date_gmt":"2021-12-22T16:03:06","guid":{"rendered":"https:\/\/mobelland.md\/?post_type=product&#038;p=17041"},"modified":"2025-12-17T12:47:34","modified_gmt":"2025-12-17T12:47:34","slug":"cuvertura-madison-ormatek-3","status":"publish","type":"product","link":"https:\/\/mobelland.md\/ru\/product\/cuvertura-madison-ormatek-3\/","title":{"rendered":"Cuvertura Madison ORMATEK"},"content":{"rendered":"<p>O cuvertur\u0103 rafinat\u0103 de o nuan\u021b\u0103 nobil\u0103 va ajuta la crearea confortului \u00eentr-un dormitor sau sufragerie. Cuvertura de pat este matlasat\u0103 cu un model sub form\u0103 de p\u0103trate mari, materialul str\u0103luce\u0219te \u0219i arat\u0103 foarte impresionant \u00een interior.<\/p>\n<p>Datorita structurii matlasate, umplutura nu se misca si isi pastreaza un aspect prezentabil. Husa de pat protejeaza lenjeria de pat de praf si murdarie. \u00cen plus, acest element face parte din decorul casei. Modelul trebuie selectat \u00een func\u021bie de stilul \u0219i culoarea camerei.<\/p>\n<p>\u00cen interiorul modelului se afl\u0103 o umplutur\u0103 volumetric\u0103 cu propriet\u0103\u021bi de termoreglare. Pute\u021bi s\u0103 v\u0103 \u00eenf\u0103\u0219ura\u021bi \u00een p\u0103tur\u0103 \u00eentr-o sear\u0103 r\u0103coroas\u0103 \u00een timp ce viziona\u021bi un film sau citi\u021bi o carte sau s\u0103 o utiliza\u021bi ca o p\u0103tur\u0103 suplimentar\u0103 iarna.<\/p>\n<p>Compus:<br \/>\nMaterial de acoperire: perdea (moale), 100% PE<br \/>\nUmplutura: 100% PE<br \/>\nInstruc\u021biuni de \u00eengrijire:<br \/>\nSp\u0103larea manual\u0103 la o temperatur\u0103 de 40 \u00b0 C<br \/>\nAlbirea este interzis\u0103.<br \/>\nUscarea delicat\u0103 a tamburului la o temperatur\u0103 redus\u0103 de 60 \u00b0 C<br \/>\nC\u0103lcare la temperatura t\u0103lpii fierului de c\u0103lcat 110 \u00b0 C Cur\u0103\u021bare uscat\u0103 delicat\u0103<\/p>\n<p>Disponibil in 3 culori diferite.<\/p>","protected":false},"excerpt":{"rendered":"<p>Dimensiuni: 160*220 cm<\/p>\n<p>Compozitie:<br \/>\n\u021aes\u0103tur\u0103 de acoperire: 100% PE<br \/>\nUmplutur\u0103: 100% PE<\/p>\n<p>Culoarea: milk\/coffee<\/p>","protected":false},"featured_media":17042,"template":"","meta":[],"product_cat":[240,54,220,250],"product_tag":[],"_links":{"self":[{"href":"https:\/\/mobelland.md\/ru\/wp-json\/wp\/v2\/product\/17041"}],"collection":[{"href":"https:\/\/mobelland.md\/ru\/wp-json\/wp\/v2\/product"}],"about":[{"href":"https:\/\/mobelland.md\/ru\/wp-json\/wp\/v2\/types\/product"}],"wp:featuredmedia":[{"embeddable":true,"href":"https:\/\/mobelland.md\/ru\/wp-json\/wp\/v2\/media\/17042"}],"wp:attachment":[{"href":"https:\/\/mobelland.md\/ru\/wp-json\/wp\/v2\/media?parent=17041"}],"wp:term":[{"taxonomy":"product_cat","embeddable":true,"href":"https:\/\/mobelland.md\/ru\/wp-json\/wp\/v2\/product_cat?post=17041"},{"taxonomy":"product_tag","embeddable":true,"href":"https:\/\/mobelland.md\/ru\/wp-json\/wp\/v2\/product_tag?post=17041"}],"curies":[{"name":"wp","href":"https:\/\/api.w.org\/{rel}","templated":true}]}}