{"id":16773,"date":"2021-11-09T09:59:25","date_gmt":"2021-11-09T09:59:25","guid":{"rendered":"https:\/\/mobelland.md\/?post_type=product&#038;p=16773"},"modified":"2025-12-17T12:45:50","modified_gmt":"2025-12-17T12:45:50","slug":"plapuma-comfort-dreams-ormatek","status":"publish","type":"product","link":"https:\/\/mobelland.md\/ru\/product\/plapuma-comfort-dreams-ormatek\/","title":{"rendered":"Plapuma \u201eComfort Dreams\u201d ORMATEK"},"content":{"rendered":"<p>Senza\u021bie de tandre\u021be. Umplutura hipoalergenic\u0103 ofer\u0103 o elasticitate confortabil\u0103 \u0219i o senza\u021bie moale.<br \/>\nDurabilitate. Distribu\u021bia uniform\u0103 a umpluturii \u00eempiedic\u0103 rularea acestuia pe \u00eentreaga durat\u0103 de via\u021b\u0103.<br \/>\nStructura poroas\u0103 a umpluturii men\u021bine schimbul constant de aer.<br \/>\nUsor de curatat.<br \/>\nComfort Dreams este o p\u0103tur\u0103 u\u0219oar\u0103, hipoalergenic\u0103 \u0219i confortabil\u0103, umplut\u0103 cu \u201epuf de leb\u0103d\u0103\u201d.<br \/>\n&#8211; microfibr\u0103 siliconat\u0103 din poliester &#8211; cel mai apropiat analog al materialului natural. Nu absoarbe mirosurile, nu se t\u00e2r\u0103\u0219te afar\u0103, nu se rostogole\u0219te \u00een interiorul p\u0103turii.<br \/>\nDatorit\u0103 umpluturii poroase \u0219i \u021bes\u0103turii naturale a husei, p\u0103tura este perfect ventilat\u0103.<br \/>\nCompozi\u021bia husei: 100% bumbac (\u021besut fire &#8211; percal)<br \/>\nDensitatea umpluturii este de 250 g \/ m2.<\/p>","protected":false},"excerpt":{"rendered":"<p>Dimensiuni: 200*220 cm<\/p>","protected":false},"featured_media":16776,"template":"","meta":[],"product_cat":[240,54,220,250],"product_tag":[],"_links":{"self":[{"href":"https:\/\/mobelland.md\/ru\/wp-json\/wp\/v2\/product\/16773"}],"collection":[{"href":"https:\/\/mobelland.md\/ru\/wp-json\/wp\/v2\/product"}],"about":[{"href":"https:\/\/mobelland.md\/ru\/wp-json\/wp\/v2\/types\/product"}],"wp:featuredmedia":[{"embeddable":true,"href":"https:\/\/mobelland.md\/ru\/wp-json\/wp\/v2\/media\/16776"}],"wp:attachment":[{"href":"https:\/\/mobelland.md\/ru\/wp-json\/wp\/v2\/media?parent=16773"}],"wp:term":[{"taxonomy":"product_cat","embeddable":true,"href":"https:\/\/mobelland.md\/ru\/wp-json\/wp\/v2\/product_cat?post=16773"},{"taxonomy":"product_tag","embeddable":true,"href":"https:\/\/mobelland.md\/ru\/wp-json\/wp\/v2\/product_tag?post=16773"}],"curies":[{"name":"wp","href":"https:\/\/api.w.org\/{rel}","templated":true}]}}