{"id":16765,"date":"2021-11-08T16:07:38","date_gmt":"2021-11-08T16:07:38","guid":{"rendered":"https:\/\/mobelland.md\/?post_type=product&#038;p=16765"},"modified":"2025-12-17T12:46:08","modified_gmt":"2025-12-17T12:46:08","slug":"plapuma-soft-dreams-ormatek","status":"publish","type":"product","link":"https:\/\/mobelland.md\/ru\/product\/plapuma-soft-dreams-ormatek\/","title":{"rendered":"Plapuma \u201eSoft Dreams\u201d ORMATEK"},"content":{"rendered":"<p>Soft Dreams este o p\u0103tur\u0103 din bumbac natural umplut cu puf de capr\u0103 (casmir)<br \/>\nPentru orice anotimp! Se men\u021bine bine cald, are permeabilitate ridicat\u0103 la aer. \u201e\u00cenc\u0103lze\u0219te\u201d iarna \u0219i ofer\u0103 confort vara.<br \/>\nFibrele minunate au efect de micromasaj, amelioreaz\u0103 tensiunea nervoas\u0103, \u00eembun\u0103t\u0103\u021besc somnul. Ceara animal\u0103 &#8211; lanolin\u0103, care face parte din fibre, d\u0103 elasticitate \u0219i \u00eentinere\u0219te pielea.<br \/>\nCapacitatea de a absorbi umezeala. Structura poroas\u0103 a p\u0103turii v\u0103 permite s\u0103 atrage\u021bi excesul de umiditate p\u00e2n\u0103 la o treime din propria greutate. Este imposibil s\u0103 transpiri sub produsul din ca\u0219mir, parc\u0103 te \u00eenv\u0103luie \u00eentr-un nor uscat, cald.<br \/>\nCa\u0219mirul are cea mai sc\u0103zut\u0103 conductivitate termic\u0103 pe unitate de greutate, motiv pentru care este cea mai cald\u0103 p\u0103tur\u0103.<br \/>\nCompozitie husa: 100% bumbac, satin.<br \/>\nCompozi\u021bia umpluturii: ca\u0219mir &#8211; 45%, PE &#8211; 55%.<br \/>\nDensitatea umplerii: ca\u0219mir &#8211; 250 g\/m2.<\/p>","protected":false},"excerpt":{"rendered":"<p>Dimensiuni: 200*220 cm<\/p>","protected":false},"featured_media":16772,"template":"","meta":[],"product_cat":[240,54,220,250],"product_tag":[],"_links":{"self":[{"href":"https:\/\/mobelland.md\/ru\/wp-json\/wp\/v2\/product\/16765"}],"collection":[{"href":"https:\/\/mobelland.md\/ru\/wp-json\/wp\/v2\/product"}],"about":[{"href":"https:\/\/mobelland.md\/ru\/wp-json\/wp\/v2\/types\/product"}],"wp:featuredmedia":[{"embeddable":true,"href":"https:\/\/mobelland.md\/ru\/wp-json\/wp\/v2\/media\/16772"}],"wp:attachment":[{"href":"https:\/\/mobelland.md\/ru\/wp-json\/wp\/v2\/media?parent=16765"}],"wp:term":[{"taxonomy":"product_cat","embeddable":true,"href":"https:\/\/mobelland.md\/ru\/wp-json\/wp\/v2\/product_cat?post=16765"},{"taxonomy":"product_tag","embeddable":true,"href":"https:\/\/mobelland.md\/ru\/wp-json\/wp\/v2\/product_tag?post=16765"}],"curies":[{"name":"wp","href":"https:\/\/api.w.org\/{rel}","templated":true}]}}