{"id":14805,"date":"2021-04-10T09:07:54","date_gmt":"2021-04-10T09:07:54","guid":{"rendered":"https:\/\/mobelland.md\/?post_type=product&#038;p=14805"},"modified":"2026-01-06T16:02:02","modified_gmt":"2026-01-06T16:02:02","slug":"floare-decorativa-asa-selection-leaf-branch-1-61-cm-66466444","status":"publish","type":"product","link":"https:\/\/mobelland.md\/ru\/product\/floare-decorativa-asa-selection-leaf-branch-1-61-cm-66466444\/","title":{"rendered":"Floare decorativ\u0103 ASA Selection leaf branch, L.61 cm (66466444)"},"content":{"rendered":"<p>\u00cen\u0103l\u0163ime: 1,61 cm.<\/p>","protected":false},"excerpt":{"rendered":"<p>\u00cen\u0103l\u0163ime: 1,61 cm.<\/p>","protected":false},"featured_media":14831,"template":"","meta":[],"product_cat":[240,54,337,220],"product_tag":[],"_links":{"self":[{"href":"https:\/\/mobelland.md\/ru\/wp-json\/wp\/v2\/product\/14805"}],"collection":[{"href":"https:\/\/mobelland.md\/ru\/wp-json\/wp\/v2\/product"}],"about":[{"href":"https:\/\/mobelland.md\/ru\/wp-json\/wp\/v2\/types\/product"}],"wp:featuredmedia":[{"embeddable":true,"href":"https:\/\/mobelland.md\/ru\/wp-json\/wp\/v2\/media\/14831"}],"wp:attachment":[{"href":"https:\/\/mobelland.md\/ru\/wp-json\/wp\/v2\/media?parent=14805"}],"wp:term":[{"taxonomy":"product_cat","embeddable":true,"href":"https:\/\/mobelland.md\/ru\/wp-json\/wp\/v2\/product_cat?post=14805"},{"taxonomy":"product_tag","embeddable":true,"href":"https:\/\/mobelland.md\/ru\/wp-json\/wp\/v2\/product_tag?post=14805"}],"curies":[{"name":"wp","href":"https:\/\/api.w.org\/{rel}","templated":true}]}}