{"id":14432,"date":"2021-03-17T09:22:21","date_gmt":"2021-03-17T09:22:21","guid":{"rendered":"https:\/\/mobelland.md\/?post_type=product&#038;p=14432"},"modified":"2025-12-10T11:02:32","modified_gmt":"2025-12-10T11:02:32","slug":"print-pe-sticla-mixtura-schuller-753487","status":"publish","type":"product","link":"https:\/\/mobelland.md\/ru\/product\/print-pe-sticla-mixtura-schuller-753487\/","title":{"rendered":"Print pe sticla Mixtura SCHULLER (753487)"},"content":{"rendered":"<p>Fotografie pe sticl\u0103 c\u0103lit\u0103 (imprimare foto) completat\u0103 cu suporturi de perete.<\/p>","protected":false},"excerpt":{"rendered":"<p>Dimensiuni: \u2194 150,0 \u21a8 100,0\u00a0<img src=\"https:\/\/www.schuller.es\/images\/flecha_diagonal.png\" border=\"0\" \/>\u00a00,4 \u0441\u043c<\/p>\n<p>\u0412\u0435\u0441: 15 \u043a\u0433<\/p>","protected":false},"featured_media":14435,"template":"","meta":[],"product_cat":[240,54,220,242],"product_tag":[],"_links":{"self":[{"href":"https:\/\/mobelland.md\/ru\/wp-json\/wp\/v2\/product\/14432"}],"collection":[{"href":"https:\/\/mobelland.md\/ru\/wp-json\/wp\/v2\/product"}],"about":[{"href":"https:\/\/mobelland.md\/ru\/wp-json\/wp\/v2\/types\/product"}],"wp:featuredmedia":[{"embeddable":true,"href":"https:\/\/mobelland.md\/ru\/wp-json\/wp\/v2\/media\/14435"}],"wp:attachment":[{"href":"https:\/\/mobelland.md\/ru\/wp-json\/wp\/v2\/media?parent=14432"}],"wp:term":[{"taxonomy":"product_cat","embeddable":true,"href":"https:\/\/mobelland.md\/ru\/wp-json\/wp\/v2\/product_cat?post=14432"},{"taxonomy":"product_tag","embeddable":true,"href":"https:\/\/mobelland.md\/ru\/wp-json\/wp\/v2\/product_tag?post=14432"}],"curies":[{"name":"wp","href":"https:\/\/api.w.org\/{rel}","templated":true}]}}