{"id":14402,"date":"2021-03-11T16:07:49","date_gmt":"2021-03-11T16:07:49","guid":{"rendered":"https:\/\/mobelland.md\/?post_type=product&#038;p=14402"},"modified":"2025-12-08T14:14:14","modified_gmt":"2025-12-08T14:14:14","slug":"platou-pentru-fructe-water-philippi-212002","status":"publish","type":"product","link":"https:\/\/mobelland.md\/ru\/product\/platou-pentru-fructe-water-philippi-212002\/","title":{"rendered":"Platou pentru fructe Water PHILIPPI (212002)"},"content":{"rendered":"<p>Castronul cu fructe WATER este modelat dup\u0103 o bucat\u0103 de paradis: soare, o adiere u\u0219oar\u0103 \u0219i surful bl\u00e2nd al oceanului sclipesc relaxant \u00een toate fa\u021betele imaginabile &#8211; exact asta reflect\u0103 WATER.\u00a0APA zace ca un disc, foarte plat \u0219i sclipeste atr\u0103g\u0103tor cu reflexele sale luminoase generoase, oferind \u00een acela\u0219i timp o scen\u0103 pentru fructe colorate precum portocale, l\u0103m\u00e2i \u0219i tei.\u00a0Un deliciu culinar de observat.<\/p>","protected":false},"excerpt":{"rendered":"<p>Diametru: 36 cm<\/p>","protected":false},"featured_media":14403,"template":"","meta":[],"product_cat":[95,220,53],"product_tag":[],"_links":{"self":[{"href":"https:\/\/mobelland.md\/ru\/wp-json\/wp\/v2\/product\/14402"}],"collection":[{"href":"https:\/\/mobelland.md\/ru\/wp-json\/wp\/v2\/product"}],"about":[{"href":"https:\/\/mobelland.md\/ru\/wp-json\/wp\/v2\/types\/product"}],"wp:featuredmedia":[{"embeddable":true,"href":"https:\/\/mobelland.md\/ru\/wp-json\/wp\/v2\/media\/14403"}],"wp:attachment":[{"href":"https:\/\/mobelland.md\/ru\/wp-json\/wp\/v2\/media?parent=14402"}],"wp:term":[{"taxonomy":"product_cat","embeddable":true,"href":"https:\/\/mobelland.md\/ru\/wp-json\/wp\/v2\/product_cat?post=14402"},{"taxonomy":"product_tag","embeddable":true,"href":"https:\/\/mobelland.md\/ru\/wp-json\/wp\/v2\/product_tag?post=14402"}],"curies":[{"name":"wp","href":"https:\/\/api.w.org\/{rel}","templated":true}]}}