{"id":14396,"date":"2021-03-11T16:02:56","date_gmt":"2021-03-11T16:02:56","guid":{"rendered":"https:\/\/mobelland.md\/?post_type=product&#038;p=14396"},"modified":"2025-12-17T13:39:08","modified_gmt":"2025-12-17T13:39:08","slug":"vaza-salon-philippi-181020","status":"publish","type":"product","link":"https:\/\/mobelland.md\/ru\/product\/vaza-salon-philippi-181020\/","title":{"rendered":"Vaza Salon PHILIPPI (181020)"},"content":{"rendered":"<p>Frumuse\u021bea deplin\u0103 a florilor \u0219i a florilor, redus\u0103 la elementele esen\u021biale goale &#8211; cele dou\u0103 vaze SALON sunt de o u\u0219urin\u021b\u0103 fascinant\u0103.\u00a0Sunt total elementare \u0219i, cu suprafa\u021ba lor lustruit\u0103 \u00een oglind\u0103, ofer\u0103 spa\u021biu pentru reflectarea at\u00e2t a con\u021binutului, c\u00e2t \u0219i a camerei.\u00a0Acest lucru permite ca florile singure sau crengu\u021bele s\u0103 fie de dou\u0103 ori mai bune.\u00a0Raiul pe pamant!<\/p>","protected":false},"excerpt":{"rendered":"<p>Inaltime: 24 cm<\/p>","protected":false},"featured_media":16225,"template":"","meta":[],"product_cat":[240,220,98],"product_tag":[],"_links":{"self":[{"href":"https:\/\/mobelland.md\/ru\/wp-json\/wp\/v2\/product\/14396"}],"collection":[{"href":"https:\/\/mobelland.md\/ru\/wp-json\/wp\/v2\/product"}],"about":[{"href":"https:\/\/mobelland.md\/ru\/wp-json\/wp\/v2\/types\/product"}],"wp:featuredmedia":[{"embeddable":true,"href":"https:\/\/mobelland.md\/ru\/wp-json\/wp\/v2\/media\/16225"}],"wp:attachment":[{"href":"https:\/\/mobelland.md\/ru\/wp-json\/wp\/v2\/media?parent=14396"}],"wp:term":[{"taxonomy":"product_cat","embeddable":true,"href":"https:\/\/mobelland.md\/ru\/wp-json\/wp\/v2\/product_cat?post=14396"},{"taxonomy":"product_tag","embeddable":true,"href":"https:\/\/mobelland.md\/ru\/wp-json\/wp\/v2\/product_tag?post=14396"}],"curies":[{"name":"wp","href":"https:\/\/api.w.org\/{rel}","templated":true}]}}