{"id":14103,"date":"2020-12-08T14:35:12","date_gmt":"2020-12-08T14:35:12","guid":{"rendered":"https:\/\/mobelland.md\/?post_type=product&#038;p=14103"},"modified":"2026-03-21T18:28:28","modified_gmt":"2026-03-21T18:28:28","slug":"patura-verona-ormatek","status":"publish","type":"product","link":"https:\/\/mobelland.md\/ru\/product\/patura-verona-ormatek\/","title":{"rendered":"Patura Verona ORMATEK"},"content":{"rendered":"<p>Patura Verons este un atribut foarte util \u0219i confortabil al vie\u021bii de zi cu zi. Poate fi folosit tot timpul anului; este cald \u0219i incredibil de moale. \u0218i tot timpul p\u00e2n\u0103 c\u00e2nd te \u00eenc\u0103lze\u0219te, va servi drept accent interesant \u00een interior. O p\u0103tur\u0103 mai mic\u0103 este convenabil\u0103 \u0219i compact\u0103, o po\u021bi lua cu tine la un picnic sau la \u021bar\u0103. O p\u0103tur\u0103 mare a fost creat\u0103 pentru cei c\u0103rora le place s\u0103 se \u00eenf\u0103\u0219oare complet \u00eentr-o lenjerie moale \u0219i s\u0103 se bucure de c\u0103ldur\u0103 \u0219i confort, sau s\u0103 acopere patul cu ea ca o p\u0103tur\u0103.<\/p>\n<p>Patura Verona este tricotat cu o \u00eempletitur\u0103 clasic\u0103 din fire 100% acrilice. Datorit\u0103 acestui fapt, p\u0103tura este durabil\u0103, hipoalergenic\u0103, rezistent\u0103 la uzur\u0103.\u00a0 Poate fi sp\u0103lat \u00eentr-o ma\u0219in\u0103 de sp\u0103lat.<\/p>","protected":false},"excerpt":{"rendered":"<p>Dimensiuni: 220*240 cm<\/p>\n<p>Compozitie: 100% \u0430cril<\/p>","protected":false},"featured_media":16540,"template":"","meta":[],"product_cat":[240,54,220,250],"product_tag":[],"_links":{"self":[{"href":"https:\/\/mobelland.md\/ru\/wp-json\/wp\/v2\/product\/14103"}],"collection":[{"href":"https:\/\/mobelland.md\/ru\/wp-json\/wp\/v2\/product"}],"about":[{"href":"https:\/\/mobelland.md\/ru\/wp-json\/wp\/v2\/types\/product"}],"wp:featuredmedia":[{"embeddable":true,"href":"https:\/\/mobelland.md\/ru\/wp-json\/wp\/v2\/media\/16540"}],"wp:attachment":[{"href":"https:\/\/mobelland.md\/ru\/wp-json\/wp\/v2\/media?parent=14103"}],"wp:term":[{"taxonomy":"product_cat","embeddable":true,"href":"https:\/\/mobelland.md\/ru\/wp-json\/wp\/v2\/product_cat?post=14103"},{"taxonomy":"product_tag","embeddable":true,"href":"https:\/\/mobelland.md\/ru\/wp-json\/wp\/v2\/product_tag?post=14103"}],"curies":[{"name":"wp","href":"https:\/\/api.w.org\/{rel}","templated":true}]}}