{"id":13650,"date":"2020-10-29T16:03:19","date_gmt":"2020-10-29T16:03:19","guid":{"rendered":"https:\/\/mobelland.md\/?post_type=product&#038;p=13650"},"modified":"2025-12-17T13:18:08","modified_gmt":"2025-12-17T13:18:08","slug":"suport-pentre-luminari-leonardo-germania-d-10cm-l071003","status":"publish","type":"product","link":"https:\/\/mobelland.md\/ru\/product\/suport-pentre-luminari-leonardo-germania-d-10cm-l071003\/","title":{"rendered":"Suport pentru lumanari LEONARDO (L071003)"},"content":{"rendered":"<p>Crea\u021bi o oaz\u0103 de bun\u0103stare \u00een afara casei dvs.: Cu suportul pentru lumanari fabricat\u0103 manual din seria ORNARE, este o joac\u0103 pentru copii. Convinge printr-o imprimare atractiv\u0103.<\/p>","protected":false},"excerpt":{"rendered":"<ul data-collapsed=\"false\">\n<li>180 g<\/li>\n<li>Dimensiuni: 9,5 x 8,9 x 8,9 cm<\/li>\n<li>Diametru: 8,9 cm<\/li>\n<\/ul>\n<div id=\"gtx-trans\" style=\"position: absolute; left: 259px; top: 61.8px;\">\n<div class=\"gtx-trans-icon\"><\/div>\n<\/div>","protected":false},"featured_media":13652,"template":"","meta":[],"product_cat":[240,54,333,220],"product_tag":[],"_links":{"self":[{"href":"https:\/\/mobelland.md\/ru\/wp-json\/wp\/v2\/product\/13650"}],"collection":[{"href":"https:\/\/mobelland.md\/ru\/wp-json\/wp\/v2\/product"}],"about":[{"href":"https:\/\/mobelland.md\/ru\/wp-json\/wp\/v2\/types\/product"}],"wp:featuredmedia":[{"embeddable":true,"href":"https:\/\/mobelland.md\/ru\/wp-json\/wp\/v2\/media\/13652"}],"wp:attachment":[{"href":"https:\/\/mobelland.md\/ru\/wp-json\/wp\/v2\/media?parent=13650"}],"wp:term":[{"taxonomy":"product_cat","embeddable":true,"href":"https:\/\/mobelland.md\/ru\/wp-json\/wp\/v2\/product_cat?post=13650"},{"taxonomy":"product_tag","embeddable":true,"href":"https:\/\/mobelland.md\/ru\/wp-json\/wp\/v2\/product_tag?post=13650"}],"curies":[{"name":"wp","href":"https:\/\/api.w.org\/{rel}","templated":true}]}}