{"id":13624,"date":"2020-10-29T15:42:01","date_gmt":"2020-10-29T15:42:01","guid":{"rendered":"https:\/\/mobelland.md\/?post_type=product&#038;p=13624"},"modified":"2025-12-12T09:55:29","modified_gmt":"2025-12-12T09:55:29","slug":"borcan-deco-posto-leonardo-germania-d-14-cm-l070829","status":"publish","type":"product","link":"https:\/\/mobelland.md\/ru\/product\/borcan-deco-posto-leonardo-germania-d-14-cm-l070829\/","title":{"rendered":"Borcan deco &#8222;Posto&#8221; LEONARDO (L070829)"},"content":{"rendered":"<p>Practic \u0219i elegant: seta\u021bi accente de vis cu borcanul din seria POSTO. Acest borcan cilindric este un must-have absolut. O imprimare atr\u0103g\u0103toare \u00eempodobe\u0219te articolul. Sticla face din obiect un adev\u0103rat punct culminant \u00een apartamentul t\u0103u!<\/p>","protected":false},"excerpt":{"rendered":"<ul data-collapsed=\"false\">\n<li>280 g<\/li>\n<li>Dimensiuni: 14 x 6,7 x 6,7 cm<\/li>\n<li>Diametru: 6,7 cm<\/li>\n<li>potrivit pentru 250 ml volum util (250 ml volum plin)<\/li>\n<\/ul>\n<div id=\"gtx-trans\" style=\"position: absolute; left: 248px; top: 61.8px;\">\n<div class=\"gtx-trans-icon\"><\/div>\n<\/div>","protected":false},"featured_media":13627,"template":"","meta":[],"product_cat":[240,342,220,239,53],"product_tag":[],"_links":{"self":[{"href":"https:\/\/mobelland.md\/ru\/wp-json\/wp\/v2\/product\/13624"}],"collection":[{"href":"https:\/\/mobelland.md\/ru\/wp-json\/wp\/v2\/product"}],"about":[{"href":"https:\/\/mobelland.md\/ru\/wp-json\/wp\/v2\/types\/product"}],"wp:featuredmedia":[{"embeddable":true,"href":"https:\/\/mobelland.md\/ru\/wp-json\/wp\/v2\/media\/13627"}],"wp:attachment":[{"href":"https:\/\/mobelland.md\/ru\/wp-json\/wp\/v2\/media?parent=13624"}],"wp:term":[{"taxonomy":"product_cat","embeddable":true,"href":"https:\/\/mobelland.md\/ru\/wp-json\/wp\/v2\/product_cat?post=13624"},{"taxonomy":"product_tag","embeddable":true,"href":"https:\/\/mobelland.md\/ru\/wp-json\/wp\/v2\/product_tag?post=13624"}],"curies":[{"name":"wp","href":"https:\/\/api.w.org\/{rel}","templated":true}]}}