{"id":13613,"date":"2020-10-29T15:29:37","date_gmt":"2020-10-29T15:29:37","guid":{"rendered":"https:\/\/mobelland.md\/?post_type=product&#038;p=13613"},"modified":"2025-12-08T13:39:28","modified_gmt":"2025-12-08T13:39:28","slug":"vaza-posto-leonardo-germania-d-13-cm-l070782","status":"publish","type":"product","link":"https:\/\/mobelland.md\/ru\/product\/vaza-posto-leonardo-germania-d-13-cm-l070782\/","title":{"rendered":"Vaza &#8222;Posto&#8221; beige LEONARDO (L070782)"},"content":{"rendered":"<p>Aceast\u0103 vaz\u0103 de sticl\u0103 este o atrac\u021bie foarte special\u0103. Aceast\u0103 vaz\u0103 LEONARDO unic\u0103 este fabricat\u0103 manual, fiecare produs realizat manual este, de asemenea, unic!<\/p>","protected":false},"excerpt":{"rendered":"<ul data-collapsed=\"false\">\n<li>300 g<\/li>\n<li>Dimensiuni: 13,1 x 11 x 11 cm<\/li>\n<li>Diametru: 11 cm<\/li>\n<\/ul>\n<div id=\"gtx-trans\" style=\"position: absolute; left: 243px; top: 61.8px;\">\n<div class=\"gtx-trans-icon\"><\/div>\n<\/div>","protected":false},"featured_media":13615,"template":"","meta":[],"product_cat":[240,54,220,98],"product_tag":[],"_links":{"self":[{"href":"https:\/\/mobelland.md\/ru\/wp-json\/wp\/v2\/product\/13613"}],"collection":[{"href":"https:\/\/mobelland.md\/ru\/wp-json\/wp\/v2\/product"}],"about":[{"href":"https:\/\/mobelland.md\/ru\/wp-json\/wp\/v2\/types\/product"}],"wp:featuredmedia":[{"embeddable":true,"href":"https:\/\/mobelland.md\/ru\/wp-json\/wp\/v2\/media\/13615"}],"wp:attachment":[{"href":"https:\/\/mobelland.md\/ru\/wp-json\/wp\/v2\/media?parent=13613"}],"wp:term":[{"taxonomy":"product_cat","embeddable":true,"href":"https:\/\/mobelland.md\/ru\/wp-json\/wp\/v2\/product_cat?post=13613"},{"taxonomy":"product_tag","embeddable":true,"href":"https:\/\/mobelland.md\/ru\/wp-json\/wp\/v2\/product_tag?post=13613"}],"curies":[{"name":"wp","href":"https:\/\/api.w.org\/{rel}","templated":true}]}}