{"id":13554,"date":"2020-10-29T14:36:10","date_gmt":"2020-10-29T14:36:10","guid":{"rendered":"https:\/\/mobelland.md\/?post_type=product&#038;p=13554"},"modified":"2025-12-17T13:01:28","modified_gmt":"2025-12-17T13:01:28","slug":"platou-leonardo-germania-d-30-cm-l041334","status":"publish","type":"product","link":"https:\/\/mobelland.md\/ru\/product\/platou-leonardo-germania-d-30-cm-l041334\/","title":{"rendered":"Platou Decora red LEONARDO (L041334)"},"content":{"rendered":"<p>Cu castronul din seria DECORA, crea\u021bi accente extraordinare \u0219i ave\u021bi un tovar\u0103\u0219 de zi cu zi versatil \u00een repertoriu. Las\u0103-te purtat \u00eentr-o lume modern\u0103 de acest castron \u00een form\u0103 de stea! Culoarea ro\u0219ie cald\u0103 subliniaz\u0103 designul modern \u0219i elegant.<br \/>\nArmonios, modern \u0219i elegant, LEONARDO te inspir\u0103 atunci c\u00e2nd \u00ee\u021bi proiectezi casa &#8211; joac\u0103-te cu creativitatea ta \u0219i creeaz\u0103 o ambian\u021b\u0103 excelent\u0103 \u0219i unic\u0103.\u00a0Decor pentru a te \u00eendr\u0103gosti!<br \/>\nBolul practic DECORA este stivuibil \u0219i, prin urmare, ideal pentru utilizarea de zi cu zi.<\/p>","protected":false},"excerpt":{"rendered":"<ul data-collapsed=\"false\">\n<li>870 g<\/li>\n<li><span class=\"\">Dimensiuni: 3,6 x 30,3 x 29,7 cm<\/span><\/li>\n<\/ul>","protected":false},"featured_media":13537,"template":"","meta":[],"product_cat":[240,95,220,239,53],"product_tag":[],"_links":{"self":[{"href":"https:\/\/mobelland.md\/ru\/wp-json\/wp\/v2\/product\/13554"}],"collection":[{"href":"https:\/\/mobelland.md\/ru\/wp-json\/wp\/v2\/product"}],"about":[{"href":"https:\/\/mobelland.md\/ru\/wp-json\/wp\/v2\/types\/product"}],"wp:featuredmedia":[{"embeddable":true,"href":"https:\/\/mobelland.md\/ru\/wp-json\/wp\/v2\/media\/13537"}],"wp:attachment":[{"href":"https:\/\/mobelland.md\/ru\/wp-json\/wp\/v2\/media?parent=13554"}],"wp:term":[{"taxonomy":"product_cat","embeddable":true,"href":"https:\/\/mobelland.md\/ru\/wp-json\/wp\/v2\/product_cat?post=13554"},{"taxonomy":"product_tag","embeddable":true,"href":"https:\/\/mobelland.md\/ru\/wp-json\/wp\/v2\/product_tag?post=13554"}],"curies":[{"name":"wp","href":"https:\/\/api.w.org\/{rel}","templated":true}]}}