{"id":13530,"date":"2020-10-29T14:21:01","date_gmt":"2020-10-29T14:21:01","guid":{"rendered":"https:\/\/mobelland.md\/?post_type=product&#038;p=13530"},"modified":"2025-12-23T15:24:12","modified_gmt":"2025-12-23T15:24:12","slug":"platou-leonardo-germania-d-30-cm-l041323","status":"publish","type":"product","link":"https:\/\/mobelland.md\/ru\/product\/platou-leonardo-germania-d-30-cm-l041323\/","title":{"rendered":"Platou Ornare LEONARDO (L041323)"},"content":{"rendered":"<p>Practic \u0219i elegant: Seteaz\u0103 accente de vis cu castronul din seria ORNARE.\u00a0Las\u0103-te purtat \u00eentr-o lume modern\u0103 de acest castron \u00een form\u0103 de stea!\u00a0Culoarea alb\u0103 str\u0103lucitoare subliniaz\u0103 designul modern \u0219i elegant.<\/p>","protected":false},"excerpt":{"rendered":"<ul data-collapsed=\"false\">\n<li>870 g<\/li>\n<li>Dimensiuni: 3,6 x 30,3 x 29,7 cm<\/li>\n<\/ul>","protected":false},"featured_media":13526,"template":"","meta":[],"product_cat":[240,95,220,239,53],"product_tag":[],"_links":{"self":[{"href":"https:\/\/mobelland.md\/ru\/wp-json\/wp\/v2\/product\/13530"}],"collection":[{"href":"https:\/\/mobelland.md\/ru\/wp-json\/wp\/v2\/product"}],"about":[{"href":"https:\/\/mobelland.md\/ru\/wp-json\/wp\/v2\/types\/product"}],"wp:featuredmedia":[{"embeddable":true,"href":"https:\/\/mobelland.md\/ru\/wp-json\/wp\/v2\/media\/13526"}],"wp:attachment":[{"href":"https:\/\/mobelland.md\/ru\/wp-json\/wp\/v2\/media?parent=13530"}],"wp:term":[{"taxonomy":"product_cat","embeddable":true,"href":"https:\/\/mobelland.md\/ru\/wp-json\/wp\/v2\/product_cat?post=13530"},{"taxonomy":"product_tag","embeddable":true,"href":"https:\/\/mobelland.md\/ru\/wp-json\/wp\/v2\/product_tag?post=13530"}],"curies":[{"name":"wp","href":"https:\/\/api.w.org\/{rel}","templated":true}]}}