{"id":13522,"date":"2020-10-29T14:16:24","date_gmt":"2020-10-29T14:16:24","guid":{"rendered":"https:\/\/mobelland.md\/?post_type=product&#038;p=13522"},"modified":"2025-12-23T15:23:15","modified_gmt":"2025-12-23T15:23:15","slug":"platou-leonardo-germania-d-15-cm-l041321","status":"publish","type":"product","link":"https:\/\/mobelland.md\/ru\/product\/platou-leonardo-germania-d-15-cm-l041321\/","title":{"rendered":"Platou Ornare LEONARDO (L041321)"},"content":{"rendered":"<p><span class=\"goog-text-highlight\">O atrac\u021bie excelent\u0103: seta\u021bi accente senzuale cu castronul din seria ORNARE.\u00a0<\/span>Cu forma de stea, acest bol subliniaz\u0103 un stil minunat \u0219i stimulant. Se p\u0103streaz\u0103 \u00eentr-o nuan\u021b\u0103 elegant\u0103 de alb. Armonios, modern \u0219i elegant, LEONARDO te inspir\u0103 atunci c\u00e2nd \u00ee\u021bi proiectezi casa &#8211; joac\u0103-te cu imagina\u021bia ta \u0219i creeaz\u0103 o ambian\u021b\u0103 excelent\u0103 \u0219i unic\u0103.\u00a0Decor pentru a te \u00eendr\u0103gosti!<\/p>","protected":false},"excerpt":{"rendered":"<ul data-collapsed=\"false\">\n<li><span class=\"\">230 g<\/span><\/li>\n<li>Dimensiuni: 2,4 x 15 x 15 cm<\/li>\n<\/ul>\n<div id=\"gtx-trans\" style=\"position: absolute; left: 235px; top: 39.2px;\">\n<div class=\"gtx-trans-icon\"><\/div>\n<\/div>","protected":false},"featured_media":13526,"template":"","meta":[],"product_cat":[240,95,220,239,53],"product_tag":[],"_links":{"self":[{"href":"https:\/\/mobelland.md\/ru\/wp-json\/wp\/v2\/product\/13522"}],"collection":[{"href":"https:\/\/mobelland.md\/ru\/wp-json\/wp\/v2\/product"}],"about":[{"href":"https:\/\/mobelland.md\/ru\/wp-json\/wp\/v2\/types\/product"}],"wp:featuredmedia":[{"embeddable":true,"href":"https:\/\/mobelland.md\/ru\/wp-json\/wp\/v2\/media\/13526"}],"wp:attachment":[{"href":"https:\/\/mobelland.md\/ru\/wp-json\/wp\/v2\/media?parent=13522"}],"wp:term":[{"taxonomy":"product_cat","embeddable":true,"href":"https:\/\/mobelland.md\/ru\/wp-json\/wp\/v2\/product_cat?post=13522"},{"taxonomy":"product_tag","embeddable":true,"href":"https:\/\/mobelland.md\/ru\/wp-json\/wp\/v2\/product_tag?post=13522"}],"curies":[{"name":"wp","href":"https:\/\/api.w.org\/{rel}","templated":true}]}}