{"id":13481,"date":"2020-10-29T13:09:14","date_gmt":"2020-10-29T13:09:14","guid":{"rendered":"https:\/\/mobelland.md\/?post_type=product&#038;p=13481"},"modified":"2025-12-08T14:00:00","modified_gmt":"2025-12-08T14:00:00","slug":"platou-leonardo-germania-natale-d-16-cm-l031794","status":"publish","type":"product","link":"https:\/\/mobelland.md\/ru\/product\/platou-leonardo-germania-natale-d-16-cm-l031794\/","title":{"rendered":"Platou Natale LEONARDO (L031794)"},"content":{"rendered":"<p><span class=\"goog-text-highlight\">Amenajeaza-ti masa \u00een func\u021bie de gustul t\u0103u: cu platoul din seria NATALE setezi accente frumoase \u0219i impresionezi prin farmec. <\/span>Las\u0103-te purtat \u00eentr-o lume modern\u0103 de acest platou rotund!\u00a0 Cu o senza\u021bie bun\u0103 pentru lucrurile frumoase, LEONARDO evoc\u0103 \u0219i mai mult\u0103 varietate \u00een via\u021ba ta de zi cu zi.<\/p>\n<p>&nbsp;<\/p>","protected":false},"excerpt":{"rendered":"<p>Dimensiuni: 1,6 x 16,3 x 16,3 cm<br \/>\nGreutate:244 g<\/p>\n<div id=\"gtx-trans\" style=\"position: absolute; left: 65px; top: 15.2px;\">\n<div class=\"gtx-trans-icon\"><\/div>\n<\/div>","protected":false},"featured_media":13482,"template":"","meta":[],"product_cat":[240,95,220,239,53],"product_tag":[],"_links":{"self":[{"href":"https:\/\/mobelland.md\/ru\/wp-json\/wp\/v2\/product\/13481"}],"collection":[{"href":"https:\/\/mobelland.md\/ru\/wp-json\/wp\/v2\/product"}],"about":[{"href":"https:\/\/mobelland.md\/ru\/wp-json\/wp\/v2\/types\/product"}],"wp:featuredmedia":[{"embeddable":true,"href":"https:\/\/mobelland.md\/ru\/wp-json\/wp\/v2\/media\/13482"}],"wp:attachment":[{"href":"https:\/\/mobelland.md\/ru\/wp-json\/wp\/v2\/media?parent=13481"}],"wp:term":[{"taxonomy":"product_cat","embeddable":true,"href":"https:\/\/mobelland.md\/ru\/wp-json\/wp\/v2\/product_cat?post=13481"},{"taxonomy":"product_tag","embeddable":true,"href":"https:\/\/mobelland.md\/ru\/wp-json\/wp\/v2\/product_tag?post=13481"}],"curies":[{"name":"wp","href":"https:\/\/api.w.org\/{rel}","templated":true}]}}