{"id":12783,"date":"2020-07-30T11:34:15","date_gmt":"2020-07-30T11:34:15","guid":{"rendered":"https:\/\/mobelland.md\/?post_type=product&#038;p=12783"},"modified":"2025-12-12T10:04:54","modified_gmt":"2025-12-12T10:04:54","slug":"bol-poesia-l050638","status":"publish","type":"product","link":"https:\/\/mobelland.md\/ru\/product\/bol-poesia-l050638\/","title":{"rendered":"Platou Poesia (L050638)"},"content":{"rendered":"<p>St\u0103p\u00e2ne\u0219te situa\u021biile de zi cu zi cu stil \u0219i farmec: Cu bolul realizat manual din seria Poesia, po\u021bi face acest lucru cu u\u0219urin\u021b\u0103.\u00a0Las\u0103-te dus \u00eentr-o lume modern\u0103 de acest bol rotund!\u00a0Culoarea roz senzual\u0103 accentueaz\u0103 designul modern \u0219i elegant.\u00a0Cu piesa special\u0103 unic\u0103 realizat\u0103 manual de LEONARDO \u00ee\u021bi dovedi ochiul pentru frumos.\u00a0Fiecare bol realizat manual este unic!<br \/>\nLas\u0103-te inspirat de un design modern \u0219i cald &#8211; cu LEONARDO.\u00a0Decorarea poate fi at\u00e2t de u\u0219oar\u0103!<\/p>","protected":false},"excerpt":{"rendered":"<p>Inaltime: 7,5 cm<\/p>\n<p>Diametru: 50 cm<\/p>\n<p>\u0412\u0435\u0441: 3 \u043a\u0433<\/p>","protected":false},"featured_media":12780,"template":"","meta":[],"product_cat":[95,220,239,53],"product_tag":[],"_links":{"self":[{"href":"https:\/\/mobelland.md\/ru\/wp-json\/wp\/v2\/product\/12783"}],"collection":[{"href":"https:\/\/mobelland.md\/ru\/wp-json\/wp\/v2\/product"}],"about":[{"href":"https:\/\/mobelland.md\/ru\/wp-json\/wp\/v2\/types\/product"}],"wp:featuredmedia":[{"embeddable":true,"href":"https:\/\/mobelland.md\/ru\/wp-json\/wp\/v2\/media\/12780"}],"wp:attachment":[{"href":"https:\/\/mobelland.md\/ru\/wp-json\/wp\/v2\/media?parent=12783"}],"wp:term":[{"taxonomy":"product_cat","embeddable":true,"href":"https:\/\/mobelland.md\/ru\/wp-json\/wp\/v2\/product_cat?post=12783"},{"taxonomy":"product_tag","embeddable":true,"href":"https:\/\/mobelland.md\/ru\/wp-json\/wp\/v2\/product_tag?post=12783"}],"curies":[{"name":"wp","href":"https:\/\/api.w.org\/{rel}","templated":true}]}}