{"id":12778,"date":"2020-07-30T11:26:36","date_gmt":"2020-07-30T11:26:36","guid":{"rendered":"https:\/\/mobelland.md\/?post_type=product&#038;p=12778"},"modified":"2025-12-12T10:05:34","modified_gmt":"2025-12-12T10:05:34","slug":"platou-poesia-l050636","status":"publish","type":"product","link":"https:\/\/mobelland.md\/ru\/product\/platou-poesia-l050636\/","title":{"rendered":"Platou Poesia rose\/grey d.32 cm (L050636)"},"content":{"rendered":"<p>Proiecteaz\u0103-\u021bi frumos\u00a0 mas \u0219i u\u0219ureaz\u0103 via\u021ba de zi cu zi cu acest platou f\u0103cut manual din seria Poesia. Acest platou rotund este un must-have absolut \u0219i impresioneaz\u0103 prin culoarea sa roz cald\u0103. Cu aceast\u0103 pies\u0103 special\u0103, manual\u0103, unic\u0103 de la LEONARDO, \u00ee\u021bi vei demonstra sentimentul pentru frumos. Fiecare farfurie manual\u0103 este unic\u0103!<\/p>\n<p>Tehnicile de fabrica\u021bie artizanal\u0103 de \u00eenalt\u0103 calitate necesit\u0103 o cur\u0103\u021bare bl\u00e2nd\u0103.\u00a0V\u0103 recomand\u0103m cur\u0103\u021barea manual\u0103 pentru o durat\u0103 de via\u021b\u0103 lung\u0103.<\/p>","protected":false},"excerpt":{"rendered":"<p>Diametru: 32 cm<\/p>\n<p>Greutate: 1,14 kg<\/p>","protected":false},"featured_media":12780,"template":"","meta":[],"product_cat":[95,220,239,53],"product_tag":[],"_links":{"self":[{"href":"https:\/\/mobelland.md\/ru\/wp-json\/wp\/v2\/product\/12778"}],"collection":[{"href":"https:\/\/mobelland.md\/ru\/wp-json\/wp\/v2\/product"}],"about":[{"href":"https:\/\/mobelland.md\/ru\/wp-json\/wp\/v2\/types\/product"}],"wp:featuredmedia":[{"embeddable":true,"href":"https:\/\/mobelland.md\/ru\/wp-json\/wp\/v2\/media\/12780"}],"wp:attachment":[{"href":"https:\/\/mobelland.md\/ru\/wp-json\/wp\/v2\/media?parent=12778"}],"wp:term":[{"taxonomy":"product_cat","embeddable":true,"href":"https:\/\/mobelland.md\/ru\/wp-json\/wp\/v2\/product_cat?post=12778"},{"taxonomy":"product_tag","embeddable":true,"href":"https:\/\/mobelland.md\/ru\/wp-json\/wp\/v2\/product_tag?post=12778"}],"curies":[{"name":"wp","href":"https:\/\/api.w.org\/{rel}","templated":true}]}}