{"id":12764,"date":"2020-07-24T11:32:25","date_gmt":"2020-07-24T11:32:25","guid":{"rendered":"https:\/\/mobelland.md\/?post_type=product&#038;p=12764"},"modified":"2025-12-17T12:51:58","modified_gmt":"2025-12-17T12:51:58","slug":"floare-de-cais-fiore-l038663","status":"publish","type":"product","link":"https:\/\/mobelland.md\/ru\/product\/floare-de-cais-fiore-l038663\/","title":{"rendered":"Floare de cais Fiore (L038663)"},"content":{"rendered":"<p>Floarea din seria FIORE transmite o atitudine minunat\u0103 fa\u021b\u0103 de via\u021b\u0103.\u00a0Fii creativ \u0219i proiecteaz\u0103-\u021bi casa a\u0219a cum o dore\u0219ti!\u00a0Las\u0103 aceast\u0103 floare s\u0103 te duc\u0103 \u00eentr-o lume modern\u0103!<br \/>\nArmoniu, modern \u0219i elegant, LEONARDO v\u0103 inspir\u0103 atunci c\u00e2nd v\u0103 proiecta\u021bi casa &#8211; juca\u021bi-v\u0103 cu imagina\u021bia dvs. \u0219i crea\u021bi o atmosfer\u0103 minunat\u0103 \u0219i unic\u0103.\u00a0Decora\u021bia de care s\u0103 te \u00eendr\u0103goste\u0219ti!<\/p>","protected":false},"excerpt":{"rendered":"<p>Lungime: 70 cm<\/p>\n<p>&nbsp;<\/p>","protected":false},"featured_media":12767,"template":"","meta":[],"product_cat":[240,54,337,220],"product_tag":[],"_links":{"self":[{"href":"https:\/\/mobelland.md\/ru\/wp-json\/wp\/v2\/product\/12764"}],"collection":[{"href":"https:\/\/mobelland.md\/ru\/wp-json\/wp\/v2\/product"}],"about":[{"href":"https:\/\/mobelland.md\/ru\/wp-json\/wp\/v2\/types\/product"}],"wp:featuredmedia":[{"embeddable":true,"href":"https:\/\/mobelland.md\/ru\/wp-json\/wp\/v2\/media\/12767"}],"wp:attachment":[{"href":"https:\/\/mobelland.md\/ru\/wp-json\/wp\/v2\/media?parent=12764"}],"wp:term":[{"taxonomy":"product_cat","embeddable":true,"href":"https:\/\/mobelland.md\/ru\/wp-json\/wp\/v2\/product_cat?post=12764"},{"taxonomy":"product_tag","embeddable":true,"href":"https:\/\/mobelland.md\/ru\/wp-json\/wp\/v2\/product_tag?post=12764"}],"curies":[{"name":"wp","href":"https:\/\/api.w.org\/{rel}","templated":true}]}}